{"id":23,"date":"2025-03-24T18:05:16","date_gmt":"2025-03-24T17:05:16","guid":{"rendered":"https:\/\/www.roc-products.de\/outdoor-room\/projects\/"},"modified":"2025-05-29T13:18:56","modified_gmt":"2025-05-29T11:18:56","slug":"marken","status":"publish","type":"page","link":"https:\/\/www.roc-products.de\/outdoor-room\/marken\/","title":{"rendered":"Marken"},"content":{"rendered":"\t\t<div data-elementor-type=\"wp-page\" data-elementor-id=\"23\" class=\"elementor elementor-23\" data-elementor-post-type=\"page\">\n\t\t\t\t<div class=\"elementor-element elementor-element-0e75189 e-flex e-con-boxed e-con e-parent\" data-id=\"0e75189\" data-element_type=\"container\">\n\t\t\t\t\t<div class=\"e-con-inner\">\n\t\t\t\t<div class=\"elementor-element elementor-element-24811c6 elementor-widget elementor-widget-spacer\" data-id=\"24811c6\" data-element_type=\"widget\" data-widget_type=\"spacer.default\">\n\t\t\t\t<div class=\"elementor-widget-container\">\n\t\t\t\t\t\t\t<div class=\"elementor-spacer\">\n\t\t\t<div class=\"elementor-spacer-inner\"><\/div>\n\t\t<\/div>\n\t\t\t\t\t\t<\/div>\n\t\t\t\t<\/div>\n\t\t\t\t\t<\/div>\n\t\t\t\t<\/div>\n\t\t<div class=\"elementor-element elementor-element-51c2637 e-flex e-con-boxed e-con e-parent\" data-id=\"51c2637\" data-element_type=\"container\">\n\t\t\t\t\t<div class=\"e-con-inner\">\n\t\t\t\t<div class=\"elementor-element elementor-element-afe78b7 elementor-widget elementor-widget-heading\" data-id=\"afe78b7\" data-element_type=\"widget\" data-widget_type=\"heading.default\">\n\t\t\t\t<div class=\"elementor-widget-container\">\n\t\t\t\t\t<h2 class=\"elementor-heading-title elementor-size-default\">Unsere Marken - Outdoor-Erlebnisse mit Charakter.<\/h2>\t\t\t\t<\/div>\n\t\t\t\t<\/div>\n\t\t\t\t\t<\/div>\n\t\t\t\t<\/div>\n\t\t<div class=\"elementor-element elementor-element-8219c73 e-flex e-con-boxed e-con e-parent\" data-id=\"8219c73\" data-element_type=\"container\">\n\t\t\t\t\t<div class=\"e-con-inner\">\n\t\t\t\t<div class=\"elementor-element elementor-element-98b20ba elementor-widget elementor-widget-spacer\" data-id=\"98b20ba\" data-element_type=\"widget\" data-widget_type=\"spacer.default\">\n\t\t\t\t<div class=\"elementor-widget-container\">\n\t\t\t\t\t\t\t<div class=\"elementor-spacer\">\n\t\t\t<div class=\"elementor-spacer-inner\"><\/div>\n\t\t<\/div>\n\t\t\t\t\t\t<\/div>\n\t\t\t\t<\/div>\n\t\t\t\t<div class=\"elementor-element elementor-element-560fbaa elementor-widget elementor-widget-text-editor\" data-id=\"560fbaa\" data-element_type=\"widget\" data-widget_type=\"text-editor.default\">\n\t\t\t\t<div class=\"elementor-widget-container\">\n\t\t\t\t\t\t\t\t\t<p style=\"font-weight: 400\">Jede Marke bei Outdoor Room verk\u00f6rpert mehr als nur eine Outdoork\u00fcche \u2013 sie symbolisiert die Verwirklichung eines Lebensgef\u00fchls. Mit viel Leidenschaft, Expertise und einem Auge f\u00fcr Design verwandeln wir G\u00e4rten, Terrassen und Au\u00dfenbereiche in individuelle Genuss-Oasen. Ob luxuri\u00f6s, funktional oder minimalistisch \u2013 gemeinsam mit unseren Kunden gestalten wir Projekte, die perfekt auf ihre W\u00fcnsche und Bed\u00fcrfnisse abgestimmt sind.<\/p><p style=\"font-weight: 400\" data-start=\"658\" data-end=\"804\">Dank unserer Auswahl an Premium-Marken entstehen ma\u00dfgeschneiderte L\u00f6sungen, die h\u00f6chste Anspr\u00fcche an Design, Funktionalit\u00e4t und Qualit\u00e4t erf\u00fcllen:<\/p>\t\t\t\t\t\t\t\t<\/div>\n\t\t\t\t<\/div>\n\t\t\t\t\t<\/div>\n\t\t\t\t<\/div>\n\t\t<div class=\"elementor-element elementor-element-7cb2fa3 e-flex e-con-boxed elementor-invisible e-con e-parent\" data-id=\"7cb2fa3\" data-element_type=\"container\" id=\"mercle\" data-settings=\"{&quot;background_background&quot;:&quot;classic&quot;,&quot;animation&quot;:&quot;fadeIn&quot;}\">\n\t\t\t\t\t<div class=\"e-con-inner\">\n\t\t\t\t<div class=\"elementor-element elementor-element-3672bf40 elementor-widget elementor-widget-zigzag\" data-id=\"3672bf40\" data-element_type=\"widget\" data-settings=\"{&quot;image_shape&quot;:&quot;rounded&quot;}\" data-widget_type=\"zigzag.default\">\n\t\t\t\t<div class=\"elementor-widget-container\">\n\t\t\t\t\t\t\t<div class=\"ehp-zigzag has-direction-end\">\n\t\t\t\t\t\t\t<div class=\"ehp-zigzag__item-wrapper\">\n\t\t\t\t\t<div class=\"ehp-zigzag__item-container\">\n\t\t\t\t\t\t\t\t<div class=\"ehp-zigzag__graphic-element-container has-image\">\n\t\t\t\t\t\t<div class=\"ehp-image ehp-zigzag__image-container\">\n\t\t\t\t<img decoding=\"async\" class=\"ehp-image__img ehp-zigzag__img has-shape-rounded shape-type-image\" src=\"https:\/\/www.roc-products.de\/outdoor-room\/wp-content\/uploads\/sites\/26\/2025\/05\/outdoorroom-fogher.jpg\" title=\"outdoorroom-fogher\" alt=\"outdoorroom-fogher\" loading=\"lazy\" \/>\t\t\t<\/div>\n\t\t\t\t\t<\/div>\n\t\t\t\t<div class=\"ehp-zigzag__text-container is-graphic-image\">\n\t\t\t<h3 class=\"ehp-zigzag__title\">F\u00f2gher \u2013 Outdoor Cooking auf italienisch<\/h3><p class=\"ehp-zigzag__description\">Italienische Ingenieurskunst trifft auf zeitloses Design: Mit F\u00f2gher realisieren wir elegante Outdoor-K\u00fcchen, die mit modularer Flexibilit\u00e4t, hoher Energieeffizienz und erstklassiger Verarbeitung beeindrucken. Ideal f\u00fcr alle, die Outdoor-Cooking als Kunstform verstehen und Wert auf nachhaltige Innovation legen.<\/p>\t\t<\/div>\n\t\t\t\t\t\t\t<\/div>\n\t\t\t\t<\/div>\n\t\t\t\t\t\t\t\t<div class=\"ehp-zigzag__item-wrapper\">\n\t\t\t\t\t<div class=\"ehp-zigzag__item-container\">\n\t\t\t\t\t\t\t\t<div class=\"ehp-zigzag__graphic-element-container has-image\">\n\t\t\t\t\t\t<div class=\"ehp-image ehp-zigzag__image-container ehp-image ehp-zigzag__image-container\">\n\t\t\t\t<img decoding=\"async\" class=\"ehp-image__img ehp-zigzag__img has-shape-rounded shape-type-image\" src=\"https:\/\/www.roc-products.de\/outdoor-room\/wp-content\/uploads\/sites\/26\/2025\/05\/outdoorroom-schueco.jpg\" title=\"outdoorroom-schueco\" alt=\"outdoorroom-schueco\" loading=\"lazy\" \/>\t\t\t<\/div>\n\t\t\t\t\t<\/div>\n\t\t\t\t<div class=\"ehp-zigzag__text-container is-graphic-image\">\n\t\t\t<h3 class=\"ehp-zigzag__title\">BeefEater \u2013 Der australische BBQ-Klassiker<\/h3><p class=\"ehp-zigzag__description\">Mit BeefEater bringen wir das australische Lebensgef\u00fchl in deinen Garten. Ob Grillwagen, Einbauger\u00e4t oder komplette Outdoork\u00fcche \u2013 BeefEater steht f\u00fcr robuste Technik, schlichte Eleganz und vielseitige M\u00f6glichkeiten. Perfekt f\u00fcr alle, die Grillen lieben und sich dabei auf maximale Leistung verlassen wollen.<\/p>\t\t<\/div>\n\t\t\t\t\t\t\t<\/div>\n\t\t\t\t<\/div>\n\t\t\t\t\t\t\t\t<div class=\"ehp-zigzag__item-wrapper\">\n\t\t\t\t\t<div class=\"ehp-zigzag__item-container\">\n\t\t\t\t\t\t\t\t<div class=\"ehp-zigzag__graphic-element-container has-image\">\n\t\t\t\t\t\t<div class=\"ehp-image ehp-zigzag__image-container ehp-image ehp-zigzag__image-container ehp-image ehp-zigzag__image-container\">\n\t\t\t\t<img decoding=\"async\" class=\"ehp-image__img ehp-zigzag__img has-shape-rounded shape-type-image\" src=\"https:\/\/www.roc-products.de\/outdoor-room\/wp-content\/uploads\/sites\/26\/2025\/05\/outdoorroom-outta.jpg\" title=\"outdoorroom-outta\" alt=\"outdoorroom-outta\" loading=\"lazy\" \/>\t\t\t<\/div>\n\t\t\t\t\t<\/div>\n\t\t\t\t<div class=\"ehp-zigzag__text-container is-graphic-image\">\n\t\t\t<h3 class=\"ehp-zigzag__title\">outta \u2013 Design trifft auf smarte Funktion<\/h3><p class=\"ehp-zigzag__description\">Outta ist die K\u00fcche f\u00fcr alle, die keine Kompromisse eingehen wollen. Modern, flexibel, funktional \u2013 und das zu einem fairen Preis. Mit durchdachten Details, starker Performance und hochwertigen Materialien gestalten wir mit outta Projekte, die stilvoll und alltagstauglich zugleich sind.<\/p>\t\t<\/div>\n\t\t\t\t\t\t\t<\/div>\n\t\t\t\t<\/div>\n\t\t\t\t\t\t\t\t<div class=\"ehp-zigzag__item-wrapper\">\n\t\t\t\t\t<div class=\"ehp-zigzag__item-container\">\n\t\t\t\t\t\t\t\t<div class=\"ehp-zigzag__graphic-element-container has-image\">\n\t\t\t\t\t\t<div class=\"ehp-image ehp-zigzag__image-container ehp-image ehp-zigzag__image-container ehp-image ehp-zigzag__image-container ehp-image ehp-zigzag__image-container\">\n\t\t\t\t<img decoding=\"async\" class=\"ehp-image__img ehp-zigzag__img has-shape-rounded shape-type-image\" src=\"https:\/\/www.roc-products.de\/outdoor-room\/wp-content\/uploads\/sites\/26\/2025\/05\/outdoorroom-schueco-outdoorkueche.jpg\" title=\"outdoorroom-schueco-outdoorkueche\" alt=\"outdoorroom-schueco-outdoorkueche\" loading=\"lazy\" \/>\t\t\t<\/div>\n\t\t\t\t\t<\/div>\n\t\t\t\t<div class=\"ehp-zigzag__text-container is-graphic-image\">\n\t\t\t<h3 class=\"ehp-zigzag__title\">Sch\u00fcco Heatcube \u2013 Minimalismus mit System<\/h3><p class=\"ehp-zigzag__description\">Wenn klare Linien und hochwertige Materialien auf maximale Modularit\u00e4t treffen: Sch\u00fcco Heatcube vereint Technik, Komfort und Design auf h\u00f6chstem Niveau. Ob geradlinig oder in L-Form \u2013 mit Sch\u00fcco gestalten wir elegante und langlebige Outdoork\u00fcchen, die sich nahtlos in ihre Umgebung einf\u00fcgen.<\/p>\t\t<\/div>\n\t\t\t\t\t\t\t<\/div>\n\t\t\t\t<\/div>\n\t\t\t\t\t\t\t\t<div class=\"ehp-zigzag__item-wrapper\">\n\t\t\t\t\t<div class=\"ehp-zigzag__item-container\">\n\t\t\t\t\t\t\t\t<div class=\"ehp-zigzag__graphic-element-container has-image\">\n\t\t\t\t\t\t<div class=\"ehp-image ehp-zigzag__image-container ehp-image ehp-zigzag__image-container ehp-image ehp-zigzag__image-container ehp-image ehp-zigzag__image-container ehp-image ehp-zigzag__image-container\">\n\t\t\t\t<img decoding=\"async\" class=\"ehp-image__img ehp-zigzag__img has-shape-rounded shape-type-image\" src=\"https:\/\/www.roc-products.de\/outdoor-room\/wp-content\/uploads\/sites\/26\/2025\/05\/outdoorroom-firemagic-outdoorkueche-grills.jpg\" title=\"outdoorroom-firemagic-outdoorkueche-grills\" alt=\"outdoorroom-firemagic-outdoorkueche-grills\" loading=\"lazy\" \/>\t\t\t<\/div>\n\t\t\t\t\t<\/div>\n\t\t\t\t<div class=\"ehp-zigzag__text-container is-graphic-image\">\n\t\t\t<h3 class=\"ehp-zigzag__title\">Fire Magic - Luxuri\u00f6ses Grillen auf h\u00f6chstem Niveau<\/h3><p class=\"ehp-zigzag__description\">Fire Magic\n\nFire Magic steht f\u00fcr kompromisslose Qualit\u00e4t, modernes Design und innovative Grilltechnik. Seit \u00fcber 80 Jahren fertigt die Marke in Kalifornien Premium-Gasgrills aus massivem Edelstahl \u2013 leistungsstark, langlebig und stilvoll. Mit Features wie Diamond Sear Grillrosten und Infrarot-Backburner setzt Fire Magic neue Ma\u00dfst\u00e4be f\u00fcr anspruchsvolle Outdoor-K\u00fcchen.<\/p>\t\t<div class=\"ehp-zigzag__button-container\">\n\t\t\t<a class=\"ehp-button ehp-button--primary ehp-zigzag__button ehp-zigzag__button--primary is-type-link\">\n\t\t\t\t<span class=\"ehp-zigzag__button-text\">Learn More<\/span>\t\t\t\t\t<\/a>\n\t\t<\/div>\n\t\t\t\t<\/div>\n\t\t\t\t\t\t\t<\/div>\n\t\t\t\t<\/div>\n\t\t\t\t\t\t\t<\/div>\n\t\t\t\t\t\t<\/div>\n\t\t\t\t<\/div>\n\t\t\t\t\t<\/div>\n\t\t\t\t<\/div>\n\t\t<div class=\"elementor-element elementor-element-3823f05b e-flex e-con-boxed elementor-invisible e-con e-parent\" data-id=\"3823f05b\" data-element_type=\"container\" data-settings=\"{&quot;background_background&quot;:&quot;classic&quot;,&quot;animation&quot;:&quot;fadeIn&quot;}\">\n\t\t\t\t\t<div class=\"e-con-inner\">\n\t\t<div class=\"elementor-element elementor-element-509969f6 e-con-full e-flex e-con e-child\" data-id=\"509969f6\" data-element_type=\"container\">\n\t\t\t\t<div class=\"elementor-element elementor-element-30689592 elementor-widget elementor-widget-cta\" data-id=\"30689592\" data-element_type=\"widget\" data-settings=\"{&quot;cta_position&quot;:&quot;column&quot;,&quot;layout_preset&quot;:&quot;streamline&quot;,&quot;content_alignment&quot;:&quot;center&quot;,&quot;content_alignment_tablet&quot;:&quot;center&quot;,&quot;content_alignment_mobile&quot;:&quot;center&quot;,&quot;primary_button_shape&quot;:&quot;default&quot;,&quot;cta_width&quot;:&quot;default&quot;,&quot;box_shape&quot;:&quot;sharp&quot;}\" data-widget_type=\"cta.default\">\n\t\t\t\t<div class=\"elementor-widget-container\">\n\t\t\t\t\t\t\t<div class=\"has-shape-sharp shape-type-box ehp-cta has-preset-streamline\">\n\t\t\t<div class=\"ehp-cta__overlay\"><\/div>\n\t\t\t<div class=\"ehp-cta__elements-container\">\n\t\t\t\t\t\t<div class=\"ehp-cta__text-container\">\n\t\t\t<h2 class=\"ehp-cta__heading\">Lust auf dein eigenes Projekt? Lass uns sprechen!<\/h2>\t\t<\/div>\n\t\t\t\t\t<div class=\"ehp-cta__ctas-container has-cta-width-default\">\n\t\t\t\t<div class=\"ehp-cta__buttons-wrapper\">\n\t\t\t\t\t\t\t\t\t\t\t\t\t\t<\/div>\n\t\t\t<\/div>\n\t\t\t\t\t<\/div>\n\t\t<\/div>\n\t\t\t\t\t\t<\/div>\n\t\t\t\t<\/div>\n\t\t\t\t<\/div>\n\t\t\t\t\t<\/div>\n\t\t\t\t<\/div>\n\t\t<div class=\"elementor-element elementor-element-a7a2c62 e-flex e-con-boxed e-con e-parent\" data-id=\"a7a2c62\" data-element_type=\"container\">\n\t\t\t\t\t<div class=\"e-con-inner\">\n\t\t\t\t<div class=\"elementor-element elementor-element-4aec9f2 elementor-widget elementor-widget-text-editor\" data-id=\"4aec9f2\" data-element_type=\"widget\" data-widget_type=\"text-editor.default\">\n\t\t\t\t<div class=\"elementor-widget-container\">\n\t\t\t\t\t\t\t\t\t<p>Du planst eine Outdoork\u00fcche oder m\u00f6chtest dein Zuhause um eine hochwertige BBQ-Fl\u00e4che erweitern? Dann bist du bei uns genau richtig. Wir beraten dich pers\u00f6nlich und individuell. Schreib uns \u2013 oder besuche uns vor Ort und entdecke, was alles m\u00f6glich ist. Outdoor Room \u2013 wo Ideen entfacht und verwirklicht werden. \ud83d\udd25<\/p>\t\t\t\t\t\t\t\t<\/div>\n\t\t\t\t<\/div>\n\t\t\t\t\t<\/div>\n\t\t\t\t<\/div>\n\t\t<div class=\"elementor-element elementor-element-611b27a e-flex e-con-boxed e-con e-parent\" data-id=\"611b27a\" data-element_type=\"container\">\n\t\t\t\t\t<div class=\"e-con-inner\">\n\t\t\t\t<div class=\"elementor-element elementor-element-8dee280 elementor-widget elementor-widget-spacer\" data-id=\"8dee280\" data-element_type=\"widget\" data-widget_type=\"spacer.default\">\n\t\t\t\t<div class=\"elementor-widget-container\">\n\t\t\t\t\t\t\t<div class=\"elementor-spacer\">\n\t\t\t<div class=\"elementor-spacer-inner\"><\/div>\n\t\t<\/div>\n\t\t\t\t\t\t<\/div>\n\t\t\t\t<\/div>\n\t\t\t\t\t<\/div>\n\t\t\t\t<\/div>\n\t\t\t\t<\/div>\n\t\t","protected":false},"excerpt":{"rendered":"<p>Unsere Marken &#8211; Outdoor-Erlebnisse mit Charakter. Jede Marke bei Outdoor Room verk\u00f6rpert mehr als nur eine Outdoork\u00fcche \u2013 sie symbolisiert die Verwirklichung eines Lebensgef\u00fchls. Mit viel Leidenschaft, Expertise und einem Auge f\u00fcr Design verwandeln wir G\u00e4rten, Terrassen und Au\u00dfenbereiche in individuelle Genuss-Oasen. Ob luxuri\u00f6s, funktional oder minimalistisch \u2013 gemeinsam mit unseren Kunden gestalten wir Projekte, [&hellip;]<\/p>\n","protected":false},"author":1,"featured_media":0,"parent":0,"menu_order":0,"comment_status":"closed","ping_status":"closed","template":"elementor_header_footer","meta":{"footnotes":""},"class_list":["post-23","page","type-page","status-publish","hentry"],"_links":{"self":[{"href":"https:\/\/www.roc-products.de\/outdoor-room\/wp-json\/wp\/v2\/pages\/23","targetHints":{"allow":["GET"]}}],"collection":[{"href":"https:\/\/www.roc-products.de\/outdoor-room\/wp-json\/wp\/v2\/pages"}],"about":[{"href":"https:\/\/www.roc-products.de\/outdoor-room\/wp-json\/wp\/v2\/types\/page"}],"author":[{"embeddable":true,"href":"https:\/\/www.roc-products.de\/outdoor-room\/wp-json\/wp\/v2\/users\/1"}],"replies":[{"embeddable":true,"href":"https:\/\/www.roc-products.de\/outdoor-room\/wp-json\/wp\/v2\/comments?post=23"}],"version-history":[{"count":51,"href":"https:\/\/www.roc-products.de\/outdoor-room\/wp-json\/wp\/v2\/pages\/23\/revisions"}],"predecessor-version":[{"id":683,"href":"https:\/\/www.roc-products.de\/outdoor-room\/wp-json\/wp\/v2\/pages\/23\/revisions\/683"}],"wp:attachment":[{"href":"https:\/\/www.roc-products.de\/outdoor-room\/wp-json\/wp\/v2\/media?parent=23"}],"curies":[{"name":"wp","href":"https:\/\/api.w.org\/{rel}","templated":true}]}}