{"id":26,"date":"2025-03-24T18:05:17","date_gmt":"2025-03-24T17:05:17","guid":{"rendered":"https:\/\/www.roc-products.de\/outdoor-room\/about-us\/"},"modified":"2025-05-29T14:05:12","modified_gmt":"2025-05-29T12:05:12","slug":"about-us","status":"publish","type":"page","link":"https:\/\/www.roc-products.de\/outdoor-room\/about-us\/","title":{"rendered":"\u00dcber uns"},"content":{"rendered":"\t\t<div data-elementor-type=\"wp-page\" data-elementor-id=\"26\" class=\"elementor elementor-26\" data-elementor-post-type=\"page\">\n\t\t\t\t<div class=\"elementor-element elementor-element-4ea37ef0 e-flex e-con-boxed elementor-invisible e-con e-parent\" data-id=\"4ea37ef0\" data-element_type=\"container\" data-settings=\"{&quot;animation&quot;:&quot;fadeIn&quot;}\">\n\t\t\t\t\t<div class=\"e-con-inner\">\n\t\t\t\t<div class=\"elementor-element elementor-element-3983459b elementor-widget elementor-widget-flex-hero\" data-id=\"3983459b\" data-element_type=\"widget\" data-settings=\"{&quot;image_shape&quot;:&quot;rounded&quot;,&quot;layout_image_position_tablet&quot;:&quot;end&quot;,&quot;layout_preset&quot;:&quot;showcase&quot;,&quot;layout_column_structure&quot;:&quot;50-50&quot;,&quot;layout_image_position&quot;:&quot;end&quot;,&quot;primary_button_shape&quot;:&quot;default&quot;,&quot;box_shape&quot;:&quot;sharp&quot;}\" data-widget_type=\"flex-hero.default\">\n\t\t\t\t<div class=\"elementor-widget-container\">\n\t\t\t\t\t\t\t<div class=\"has-shape-sharp shape-type-box has-column-structure-50-50  ehp-flex-hero has-layout-preset-showcase has-image-position-end has-image-position-md-end\">\n\t\t\t\t\t\t<div class=\"ehp-flex-hero__overlay\"><\/div>\n\t\t\t<div class=\"ehp-flex-hero__content-container\">\n\t\t\t\t<h2 class=\"ehp-flex-hero__heading\">\u00dcber uns<\/h2><h3 class=\"ehp-flex-hero__subheading\">Willkommen bei Outdoor Room \u2013 deinem Experten f\u00fcr hochwertiges Grillen und stilvolle Outdoor-K\u00fcchen!  \n\nWir stehen f\u00fcr Lifestyle, Genuss und die pure Freude am Kochen im Freien. Bei uns findest du exklusive Grillger\u00e4te, modulare Outdoor-K\u00fcchen und praktisches Zubeh\u00f6r, das dein Grillerlebnis auf ein neues Level hebt.  \n\nUnser junges und professionelles Team bringt  eine jahrelange Expertise mit. Wir arbeiten mit erfahrenen Gro\u00dfh\u00e4ndlern zusammen, um dir die besten Produkte und L\u00f6sungen anzubieten. \n<\/h3>\t\t\t<div class=\"ehp-flex-hero__ctas-container\">\n\t\t\t\t\t\t\t\t\t\t\t<\/div>\n\t\t\t\t\t<\/div>\n\t\t\t\t<div class=\"ehp-flex-hero__image-wrapper\">\n\t\t\t\t\t<div class=\"ehp-image ehp-flex-hero__image-container\">\n\t\t\t\t<img decoding=\"async\" class=\"ehp-image__img ehp-flex-hero__img has-shape-rounded shape-type-image\" src=\"https:\/\/www.roc-products.de\/outdoor-room\/wp-content\/uploads\/sites\/26\/2025\/04\/outdoorroom-ambiente-work-space.jpg\" title=\"outdoorroom-ambiente-work-space\" alt=\"outdoorroom-ambiente-work-space\" loading=\"lazy\" \/>\t\t\t<\/div>\n\t\t\t\t\t<\/div>\n\t\t\t\t<\/div>\n\t\t\t\t\t\t<\/div>\n\t\t\t\t<\/div>\n\t\t\t\t\t<\/div>\n\t\t\t\t<\/div>\n\t\t<div class=\"elementor-element elementor-element-514b19c e-flex e-con-boxed elementor-invisible e-con e-parent\" data-id=\"514b19c\" data-element_type=\"container\" data-settings=\"{&quot;animation&quot;:&quot;fadeIn&quot;}\">\n\t\t\t\t\t<div class=\"e-con-inner\">\n\t\t\t\t<div class=\"elementor-element elementor-element-0fc8477 elementor-widget elementor-widget-flex-hero\" data-id=\"0fc8477\" data-element_type=\"widget\" data-settings=\"{&quot;image_shape&quot;:&quot;rounded&quot;,&quot;layout_image_position_tablet&quot;:&quot;end&quot;,&quot;layout_image_position&quot;:&quot;start&quot;,&quot;layout_preset&quot;:&quot;showcase&quot;,&quot;layout_column_structure&quot;:&quot;50-50&quot;,&quot;primary_button_shape&quot;:&quot;default&quot;,&quot;box_shape&quot;:&quot;sharp&quot;}\" data-widget_type=\"flex-hero.default\">\n\t\t\t\t<div class=\"elementor-widget-container\">\n\t\t\t\t\t\t\t<div class=\"has-shape-sharp shape-type-box has-column-structure-50-50  ehp-flex-hero has-layout-preset-showcase has-image-position-start has-image-position-md-end\">\n\t\t\t\t\t\t<div class=\"ehp-flex-hero__overlay\"><\/div>\n\t\t\t<div class=\"ehp-flex-hero__content-container\">\n\t\t\t\t<h2 class=\"ehp-flex-hero__heading\">Wir sind mehr als nur H\u00e4ndler: Wir leben das Grillen!<\/h2>\t\t\t<div class=\"ehp-flex-hero__ctas-container\">\n\t\t\t\t\t\t\t\t\t\t\t<\/div>\n\t\t\t\t\t<\/div>\n\t\t\t\t<div class=\"ehp-flex-hero__image-wrapper\">\n\t\t\t\t\t<div class=\"ehp-image ehp-flex-hero__image-container\">\n\t\t\t\t<img decoding=\"async\" class=\"ehp-image__img ehp-flex-hero__img has-shape-rounded shape-type-image\" src=\"https:\/\/www.roc-products.de\/outdoor-room\/wp-content\/uploads\/sites\/26\/2025\/04\/outdoorroom-outdoorkueche-freistehend.jpg\" title=\"outdoorroom-outdoorkueche-freistehend\" alt=\"outdoorroom-outdoorkueche-freistehend\" loading=\"lazy\" \/>\t\t\t<\/div>\n\t\t\t\t\t<\/div>\n\t\t\t\t<\/div>\n\t\t\t\t\t\t<\/div>\n\t\t\t\t<\/div>\n\t\t\t\t\t<\/div>\n\t\t\t\t<\/div>\n\t\t<div class=\"elementor-element elementor-element-6484f0b e-flex e-con-boxed elementor-invisible e-con e-parent\" data-id=\"6484f0b\" data-element_type=\"container\" data-settings=\"{&quot;animation&quot;:&quot;fadeIn&quot;}\">\n\t\t\t\t\t<div class=\"e-con-inner\">\n\t\t\t\t<div class=\"elementor-element elementor-element-494a7d7 elementor-widget elementor-widget-flex-hero\" data-id=\"494a7d7\" data-element_type=\"widget\" data-settings=\"{&quot;image_shape&quot;:&quot;rounded&quot;,&quot;layout_image_position_tablet&quot;:&quot;end&quot;,&quot;layout_preset&quot;:&quot;showcase&quot;,&quot;layout_column_structure&quot;:&quot;50-50&quot;,&quot;layout_image_position&quot;:&quot;end&quot;,&quot;primary_button_shape&quot;:&quot;default&quot;,&quot;box_shape&quot;:&quot;sharp&quot;}\" data-widget_type=\"flex-hero.default\">\n\t\t\t\t<div class=\"elementor-widget-container\">\n\t\t\t\t\t\t\t<div class=\"has-shape-sharp shape-type-box has-column-structure-50-50  ehp-flex-hero has-layout-preset-showcase has-image-position-end has-image-position-md-end\">\n\t\t\t\t\t\t<div class=\"ehp-flex-hero__overlay\"><\/div>\n\t\t\t<div class=\"ehp-flex-hero__content-container\">\n\t\t\t\t<h2 class=\"ehp-flex-hero__heading\">Mission<\/h2><h3 class=\"ehp-flex-hero__subheading\">Unsere Mission ist es, hochwertige Grillger\u00e4te, modulare Outdoor-K\u00fcchen und praktisches Zubeh\u00f6r anzubieten, die das Kocherlebnis im Freien auf ein neues Level heben. Mit Expertise, individueller Beratung und inspirierenden Events m\u00f6chten wir unsere Kunden unterst\u00fctzen, ihre Grillf\u00e4higkeiten zu perfektionieren und ihre pers\u00f6nliche Outdoor-Oase zu gestalten. Wir leben das Grillen \u2013 und das m\u00f6chten wir mit dir teilen!<\/h3>\t\t\t<div class=\"ehp-flex-hero__ctas-container\">\n\t\t\t\t\t\t\t\t\t\t\t<\/div>\n\t\t\t\t\t<\/div>\n\t\t\t\t<div class=\"ehp-flex-hero__image-wrapper\">\n\t\t\t\t\t<div class=\"ehp-image ehp-flex-hero__image-container\">\n\t\t\t\t<img decoding=\"async\" class=\"ehp-image__img ehp-flex-hero__img has-shape-rounded shape-type-image\" src=\"https:\/\/www.roc-products.de\/outdoor-room\/wp-content\/uploads\/sites\/26\/2025\/04\/outdoorroom-wintergarten-sitting-area.jpg\" title=\"outdoorroom-wintergarten-sitting-area\" alt=\"outdoorroom-wintergarten-sitting-area\" loading=\"lazy\" \/>\t\t\t<\/div>\n\t\t\t\t\t<\/div>\n\t\t\t\t<\/div>\n\t\t\t\t\t\t<\/div>\n\t\t\t\t<\/div>\n\t\t\t\t\t<\/div>\n\t\t\t\t<\/div>\n\t\t<div class=\"elementor-element elementor-element-dc9288b e-flex e-con-boxed elementor-invisible e-con e-parent\" data-id=\"dc9288b\" data-element_type=\"container\" data-settings=\"{&quot;animation&quot;:&quot;fadeIn&quot;}\">\n\t\t\t\t\t<div class=\"e-con-inner\">\n\t\t\t\t<div class=\"elementor-element elementor-element-8a53b5d elementor-widget elementor-widget-flex-hero\" data-id=\"8a53b5d\" data-element_type=\"widget\" data-settings=\"{&quot;image_shape&quot;:&quot;rounded&quot;,&quot;layout_image_position_tablet&quot;:&quot;end&quot;,&quot;layout_image_position&quot;:&quot;start&quot;,&quot;layout_preset&quot;:&quot;showcase&quot;,&quot;layout_column_structure&quot;:&quot;50-50&quot;,&quot;primary_button_shape&quot;:&quot;default&quot;,&quot;box_shape&quot;:&quot;sharp&quot;}\" data-widget_type=\"flex-hero.default\">\n\t\t\t\t<div class=\"elementor-widget-container\">\n\t\t\t\t\t\t\t<div class=\"has-shape-sharp shape-type-box has-column-structure-50-50  ehp-flex-hero has-layout-preset-showcase has-image-position-start has-image-position-md-end\">\n\t\t\t\t\t\t<div class=\"ehp-flex-hero__overlay\"><\/div>\n\t\t\t<div class=\"ehp-flex-hero__content-container\">\n\t\t\t\t<h2 class=\"ehp-flex-hero__heading\">Vision<\/h2><h3 class=\"ehp-flex-hero__subheading\">Wir bei Outdoor Room m\u00f6chten die Art und Weise, wie Menschen im Freien kochen, revolutionieren. Unser Ziel ist es, Grillen und Outdoor-K\u00fcchen zu einem einzigartigen Erlebnis zu machen \u2013 voller Genuss, Geselligkeit und erstklassiger Qualit\u00e4t. Wir tr\u00e4umen von einer Welt, in der jeder seine Leidenschaft f\u00fcrs Grillen mit den besten Produkten und innovativen L\u00f6sungen ausleben kann.\u00a0\n<\/h3>\t\t\t<div class=\"ehp-flex-hero__ctas-container\">\n\t\t\t\t\t\t\t\t\t\t\t<\/div>\n\t\t\t\t\t<\/div>\n\t\t\t\t<div class=\"ehp-flex-hero__image-wrapper\">\n\t\t\t\t\t<div class=\"ehp-image ehp-flex-hero__image-container\">\n\t\t\t\t<img decoding=\"async\" class=\"ehp-image__img ehp-flex-hero__img has-shape-rounded shape-type-image\" src=\"https:\/\/www.roc-products.de\/outdoor-room\/wp-content\/uploads\/sites\/26\/2025\/04\/outdoorrrom-lounge.outdoorgrillen.jpg\" title=\"outdoorrrom-lounge.outdoorgrillen\" alt=\"outdoorrrom-lounge.outdoorgrillen\" loading=\"lazy\" \/>\t\t\t<\/div>\n\t\t\t\t\t<\/div>\n\t\t\t\t<\/div>\n\t\t\t\t\t\t<\/div>\n\t\t\t\t<\/div>\n\t\t\t\t\t<\/div>\n\t\t\t\t<\/div>\n\t\t<div class=\"elementor-element elementor-element-a0449d8 e-flex e-con-boxed elementor-invisible e-con e-parent\" data-id=\"a0449d8\" data-element_type=\"container\" data-settings=\"{&quot;background_background&quot;:&quot;classic&quot;,&quot;animation&quot;:&quot;fadeIn&quot;}\">\n\t\t\t\t\t<div class=\"e-con-inner\">\n\t\t<div class=\"elementor-element elementor-element-ec8c9a1 e-con-full e-flex e-con e-child\" data-id=\"ec8c9a1\" data-element_type=\"container\">\n\t\t\t\t<div class=\"elementor-element elementor-element-9fd95d6 elementor-widget elementor-widget-cta\" data-id=\"9fd95d6\" data-element_type=\"widget\" data-settings=\"{&quot;cta_position&quot;:&quot;column&quot;,&quot;layout_preset&quot;:&quot;streamline&quot;,&quot;content_alignment&quot;:&quot;center&quot;,&quot;content_alignment_tablet&quot;:&quot;center&quot;,&quot;content_alignment_mobile&quot;:&quot;center&quot;,&quot;primary_button_shape&quot;:&quot;default&quot;,&quot;cta_width&quot;:&quot;default&quot;,&quot;box_shape&quot;:&quot;sharp&quot;}\" data-widget_type=\"cta.default\">\n\t\t\t\t<div class=\"elementor-widget-container\">\n\t\t\t\t\t\t\t<div class=\"has-shape-sharp shape-type-box ehp-cta has-preset-streamline\">\n\t\t\t<div class=\"ehp-cta__overlay\"><\/div>\n\t\t\t<div class=\"ehp-cta__elements-container\">\n\t\t\t\t\t\t<div class=\"ehp-cta__text-container\">\n\t\t\t<h2 class=\"ehp-cta__heading\">Besuche uns und werde Teil unserer Community!<\/h2>\t\t<\/div>\n\t\t\t\t\t<div class=\"ehp-cta__ctas-container has-cta-width-default\">\n\t\t\t\t<div class=\"ehp-cta__buttons-wrapper\">\n\t\t\t\t\t\t\t\t\t\t\t\t\t\t<\/div>\n\t\t\t<\/div>\n\t\t\t\t\t<\/div>\n\t\t<\/div>\n\t\t\t\t\t\t<\/div>\n\t\t\t\t<\/div>\n\t\t\t\t<\/div>\n\t\t\t\t\t<\/div>\n\t\t\t\t<\/div>\n\t\t\t\t<\/div>\n\t\t","protected":false},"excerpt":{"rendered":"<p>\u00dcber uns Willkommen bei Outdoor Room \u2013 deinem Experten f\u00fcr hochwertiges Grillen und stilvolle Outdoor-K\u00fcchen! Wir stehen f\u00fcr Lifestyle, Genuss und die pure Freude am Kochen im Freien. Bei uns findest du exklusive Grillger\u00e4te, modulare Outdoor-K\u00fcchen und praktisches Zubeh\u00f6r, das dein Grillerlebnis auf ein neues Level hebt. Unser junges und professionelles Team bringt eine jahrelange [&hellip;]<\/p>\n","protected":false},"author":1,"featured_media":0,"parent":0,"menu_order":0,"comment_status":"closed","ping_status":"closed","template":"elementor_header_footer","meta":{"footnotes":""},"class_list":["post-26","page","type-page","status-publish","hentry"],"_links":{"self":[{"href":"https:\/\/www.roc-products.de\/outdoor-room\/wp-json\/wp\/v2\/pages\/26","targetHints":{"allow":["GET"]}}],"collection":[{"href":"https:\/\/www.roc-products.de\/outdoor-room\/wp-json\/wp\/v2\/pages"}],"about":[{"href":"https:\/\/www.roc-products.de\/outdoor-room\/wp-json\/wp\/v2\/types\/page"}],"author":[{"embeddable":true,"href":"https:\/\/www.roc-products.de\/outdoor-room\/wp-json\/wp\/v2\/users\/1"}],"replies":[{"embeddable":true,"href":"https:\/\/www.roc-products.de\/outdoor-room\/wp-json\/wp\/v2\/comments?post=26"}],"version-history":[{"count":41,"href":"https:\/\/www.roc-products.de\/outdoor-room\/wp-json\/wp\/v2\/pages\/26\/revisions"}],"predecessor-version":[{"id":689,"href":"https:\/\/www.roc-products.de\/outdoor-room\/wp-json\/wp\/v2\/pages\/26\/revisions\/689"}],"wp:attachment":[{"href":"https:\/\/www.roc-products.de\/outdoor-room\/wp-json\/wp\/v2\/media?parent=26"}],"curies":[{"name":"wp","href":"https:\/\/api.w.org\/{rel}","templated":true}]}}