{"id":72,"date":"2025-04-03T14:55:37","date_gmt":"2025-04-03T12:55:37","guid":{"rendered":"https:\/\/www.roc-products.de\/outdoor-room\/?page_id=72"},"modified":"2025-04-08T13:18:17","modified_gmt":"2025-04-08T11:18:17","slug":"agb","status":"publish","type":"page","link":"https:\/\/www.roc-products.de\/outdoor-room\/agb\/","title":{"rendered":"AGB"},"content":{"rendered":"\t\t<div data-elementor-type=\"wp-post\" data-elementor-id=\"72\" class=\"elementor elementor-72\" data-elementor-post-type=\"page\">\n\t\t\t\t<div class=\"elementor-element elementor-element-11a7f98 e-flex e-con-boxed e-con e-parent\" data-id=\"11a7f98\" data-element_type=\"container\">\n\t\t\t\t\t<div class=\"e-con-inner\">\n\t\t\t\t<div class=\"elementor-element elementor-element-b0415ee elementor-widget elementor-widget-heading\" data-id=\"b0415ee\" data-element_type=\"widget\" data-widget_type=\"heading.default\">\n\t\t\t\t<div class=\"elementor-widget-container\">\n\t\t\t\t\t<h2 class=\"elementor-heading-title elementor-size-default\">AGB<\/h2>\t\t\t\t<\/div>\n\t\t\t\t<\/div>\n\t\t\t\t<div class=\"elementor-element elementor-element-71dbabb elementor-widget elementor-widget-text-editor\" data-id=\"71dbabb\" data-element_type=\"widget\" data-widget_type=\"text-editor.default\">\n\t\t\t\t<div class=\"elementor-widget-container\">\n\t\t\t\t\t\t\t\t\t<p>\u00a0<\/p><p><strong>Allgemeine Gesch\u00e4ftsbedingungen und Kundeninformationen<\/strong><\/p><p>I. Allgemeine Gesch\u00e4ftsbedingungen<\/p><p>\u00a7 1 Grundlegende Bestimmungen<\/p><p>(1) Die nachstehenden Gesch\u00e4ftsbedingungen gelten f\u00fcr alle Vertr\u00e4ge, die Sie mit uns als Anbieter (ROC products GmbH) \u00fcber die Internetseite schlie\u00dfen. Soweit nicht anders vereinbart, wird der Einbeziehung gegebenenfalls von Ihnen verwendeter eigener Bedingungen widersprochen.<\/p><p>(2) Verbraucher im Sinne der nachstehenden Regelungen ist jede nat\u00fcrliche Person, die ein Rechtsgesch\u00e4ft zu Zwecken abschlie\u00dft, die \u00fcberwiegend weder ihrer gewerblichen noch ihrer selbst\u00e4ndigen beruflichen T\u00e4tigkeit zugerechnet werden kann. Unternehmer ist jede nat\u00fcrliche oder juristische Person oder eine rechtsf\u00e4hige Personengesellschaft, die bei Abschluss eines Rechtsgesch\u00e4fts in Aus\u00fcbung ihrer selbst\u00e4ndigen beruflichen oder gewerblichen T\u00e4tigkeit handelt.<\/p><p>\u00a7 2 Zustandekommen des Vertrages<\/p><p>(1) Gegenstand des Vertrages ist der Verkauf von Waren.<\/p><p>(2) Bereits mit dem Einstellen des jeweiligen Produkts auf unserer Internetseite unterbreiten wir Ihnen ein verbindliches Angebot zum Abschluss eines Vertrages zu den in der Artikelbeschreibung angegebenen Bedingungen.<\/p><p>(3) Der Vertrag kommt \u00fcber das Online-Warenkorbsystem wie folgt zustande:<br \/>Die zum Kauf beabsichtigten Waren werden im \u201cWarenkorb\u201d abgelegt. \u00dcber die entsprechende Schaltfl\u00e4che in der Navigationsleiste k\u00f6nnen Sie den \u201cWarenkorb\u201d aufrufen und dort jederzeit \u00c4nderungen vornehmen.<br \/>Nach Aufrufen der Seite \u201cKasse\u201d und der Eingabe der pers\u00f6nlichen Daten sowie der Zahlungs- und Versandbedingungen werden abschlie\u00dfend nochmals alle Bestelldaten auf der Bestell\u00fcbersichtsseite angezeigt.<br \/>Soweit Sie als Zahlungsart ein Sofortzahl-System (z.B. PayPal \/ PayPal Express, Amazon-Payments, Postpay, Sofort) nutzen, werden Sie entweder in unserem Online-Shop auf die Bestell\u00fcbersichtsseite gef\u00fchrt oder Sie werden zun\u00e4chst auf die Internetseite des Anbieters des Sofortzahl-Systems weitergeleitet.<br \/>Erfolgt die Weiterleitung zu dem jeweiligen Sofortzahl-System, nehmen Sie dort die entsprechende Auswahl bzw. Eingabe Ihrer Daten vor. Abschlie\u00dfend werden Sie zur\u00fcck in unseren Online-Shop auf die Bestell\u00fcbersichtsseite geleitet.<br \/>Vor Absenden der Bestellung haben Sie die M\u00f6glichkeit, hier s\u00e4mtliche Angaben nochmals zu \u00fcberpr\u00fcfen, zu \u00e4ndern (auch \u00fcber die Funktion \u201ezur\u00fcck\u201d des Internetbrowsers) bzw. den Kauf abzubrechen.<br \/>Mit dem Absenden der Bestellung \u00fcber die Schaltfl\u00e4che \u201czahlungspflichtig bestellen\u201d erkl\u00e4ren Sie rechtsverbindlich die Annahme des Angebotes, wodurch der Vertrag zustande kommt.<\/p><p>(4) Ihre Anfragen zur Erstellung eines Angebotes sind f\u00fcr Sie unverbindlich. Wir unterbreiten Ihnen hierzu ein verbindliches Angebot in Textform (z.B. per E-Mail), welches Sie innerhalb von 5 Tagen annehmen k\u00f6nnen.<\/p><p>(5) Die Abwicklung der Bestellung und \u00dcbermittlung aller im Zusammenhang mit dem Vertragsschluss erforderlichen Informationen erfolgt per E-Mail zum Teil automatisiert. Sie haben deshalb sicherzustellen, dass die von Ihnen bei uns hinterlegte E-Mail-Adresse zutreffend ist, der Empfang der E-Mails technisch sichergestellt und insbesondere nicht durch SPAM-Filter verhindert wird.<\/p><p>\u00a7 3 Individuell gestaltete Waren<\/p><p>(1) Sie stellen uns die f\u00fcr die individuelle Gestaltung der Waren erforderlichen geeigneten Informationen, Texte oder Dateien \u00fcber das Online-Bestellsystem oder per E-Mail sp\u00e4testens unverz\u00fcglich nach Vertragsschluss zur Verf\u00fcgung. Unsere etwaigen Vorgaben zu Dateiformaten sind zu beachten.<\/p><p>(2) Sie verpflichten sich, keine Daten zu \u00fcbermitteln, deren Inhalt Rechte Dritter (insbesondere Urheberrechte, Namensrechte, Markenrechte) verletzen oder gegen bestehende Gesetze versto\u00dfen. Sie stellen uns ausdr\u00fccklich von s\u00e4mtlichen in diesem Zusammenhang geltend gemachten Anspr\u00fcchen Dritter frei. Das betrifft auch die Kosten der in diesem Zusammenhang erforderlichen rechtlichen Vertretung.<\/p><p>(3) Wir nehmen keine Pr\u00fcfung der \u00fcbermittelten Daten auf inhaltliche Richtigkeit vor und \u00fcbernehmen insoweit keine Haftung f\u00fcr Fehler.<\/p><p>\u00a7 4 Besondere Vereinbarungen zu angebotenen Zahlungsarten<\/p><p>(1) Zahlung per Rechnung und Finanzierung \u00fcber Klarna Deutschland<br \/>In Zusammenarbeit mit Klarna bieten wir Ihnen den Rechnungskauf und den Ratenkauf als Zahlungsoption an. Bitte beachten Sie, dass Klarna Rechnung und Klarna Ratenkauf nur f\u00fcr Verbraucher verf\u00fcgbar sind und dass die Zahlung jeweils an Klarna zu erfolgen hat.<\/p><p>Klarna Rechnung<br \/>Beim Kauf auf Rechnung mit Klarna bekommen Sie immer zuerst die Ware und Sie haben immer eine Zahlungsfrist von 14 Tagen. Die vollst\u00e4ndigen AGB zum Rechnungskauf finden Sie hier.<\/p><p>Klarna Ratenkauf<br \/>Mit dem Finanzierungsservice von Klarna k\u00f6nnen Sie Ihren Einkauf flexibel in monatlichen Raten von mindestens 1\/24 des Gesamtbetrages (mindestens jedoch 6,95 \u20ac) bezahlen. Weitere Informationen zum Klarna Ratenkauf einschlie\u00dflich der Allgemeinen Gesch\u00e4ftsbedingungen und der europ\u00e4ischen Standardinformationen f\u00fcr Verbraucherkredite finden Sie hier.<\/p><p>Datenschutzhinweis<br \/>Klarna pr\u00fcft und bewertet Ihre Datenangaben und pflegt bei berechtigtem Interesse und Anlass einen Datenaustausch mit anderen Unternehmen und Wirtschaftsauskunfteien. Ihre Personenangaben werden in \u00dcbereinstimmung mit den geltenden Datenschutzbestimmungen ?und entsprechend den Angaben in den Klarna Datenschutzbestimmungen behandelt.<\/p><p>(2) Zahlung per Rechnung \u00fcber Klarna \u00d6sterreich<br \/>In Zusammenarbeit mit Klarna bieten wir Ihnen den Rechnungskauf als Zahlungsoption.<br \/>Die Zahlungsfrist betr\u00e4gt bei Klarna Rechnung 14 Tage ab Rechnungsdatum. Die Rechnung<br \/>wird bei Versand der Ware ausgestellt und entweder per E-Mail oder gemeinsam mit der Ware versandt.<br \/>Die Zahlung erfolgt an Klarna. Bitte beachten Sie, dass Klarna Rechnung nur f\u00fcr Verbraucher verf\u00fcgbar ist. Weitere Informationen und Klarnas vollst\u00e4ndige AGB zum Rechnungskauf finden Sie hier.<\/p><p>Datenschutzhinweis<br \/>Klarna pr\u00fcft und bewertet Ihre Datenangaben und pflegt bei berechtigtem Interesse und Anlass einen Datenaustausch mit anderen Unternehmen und Wirtschaftsauskunfteien. Ihre Personenangaben werden in \u00dcbereinstimmung mit den geltenden Datenschutzbestimmungen und entsprechend den Angaben in Klarnas Datenschutzbestimmungen behandelt. F\u00fcr weitere Informationen zu Klarna besuchen Sie www.klarna.at. Klarna AB, Firmen \u2013 und K\u00f6rperschaftsnummer: 556737-0431<\/p><p>(3) Zahlung per \u201esecupay Kreditkarte\u201c, \u201esecupay Lastschrift\u201c oder \u201esecupay Rechnungskauf\u201c<br \/>Bei den Zahlungsarten \u201esecupay Kreditkarte\u201c, \u201esecupay Lastschrift\u201c oder \u201esecupay Rechnungskauf\u201c treten wir unsere gegen Sie gerichtete Entgeltforderung in vollem Umfang und unwiderruflich an die secupay AG, Goethestr. 6, 01896 Pulsnitz ab. Die secupay AG nimmt vor Annahme der Abtretung unter Verwendung der im Rahmen der Bestellung \u00fcbermittelten Daten eine Bonit\u00e4tspr\u00fcfung vor.<br \/>Wir behalten uns das Recht vor, Ihnen im Ergebnis der Bonit\u00e4tspr\u00fcfung die gew\u00e4hlte Zahlungsart zu verweigern, Sie werden hierr\u00fcber noch vor Absenden Ihrer Bestellung informiert.<br \/>Bei Zulassung der Zahlungsart \u201esecupay Kreditkarte\u201c bzw. \u201esecupay Lastschrift\u201c nimmt die secupay AG die Abtretung an und zieht in der Folge das Entgelt \u00fcber Ihre Kreditkarte bzw. per Lastschrift von Ihrem Konto ein. Die Belastung Ihres Bank- bzw. Kreditkartenkontos erfolgt mit Abschluss der Bestellung.<br \/>Bei Zulassung der Zahlungsart \u201esecupay Rechnungskauf\u201c nimmt die secupay AG die Abtretung an und die bestellte Ware wird gemeinsam mit der Rechnung an Sie versandt bzw. ausgeliefert. Der Kaufpreis ist innerhalb von 10 (zehn) Kalendertagen nach Lieferung der Ware zur Zahlung an die secupay AG, Goethestra\u00dfe 6, 01896 Pulsnitz f\u00e4llig.<\/p><p>\u00a7 5 Zur\u00fcckbehaltungsrecht, Eigentumsvorbehalt<\/p><p>(1) Ein Zur\u00fcckbehaltungsrecht k\u00f6nnen Sie nur aus\u00fcben, soweit es sich um Forderungen aus demselben Vertragsverh\u00e4ltnis handelt.<\/p><p>(2) Die Ware bleibt bis zur vollst\u00e4ndigen Zahlung des Kaufpreises unser Eigentum.<\/p><p>(3) Sind Sie Unternehmer, gilt erg\u00e4nzend Folgendes:<\/p><p>a) Wir behalten uns das Eigentum an der Ware bis zum vollst\u00e4ndigen Ausgleich aller Forderungen aus der laufenden Gesch\u00e4ftsbeziehung vor. Vor \u00dcbergang des Eigentums an der Vorbehaltsware ist eine Verpf\u00e4ndung oder Sicherheits\u00fcbereignung nicht zul\u00e4ssig.<\/p><p>b) Sie k\u00f6nnen die Ware im ordentlichen Gesch\u00e4ftsgang weiterverkaufen. F\u00fcr diesen Fall treten Sie bereits jetzt alle Forderungen in H\u00f6he des Rechnungsbetrages, die Ihnen aus dem Weiterverkauf erwachsen, an uns ab, wir nehmen die Abtretung an. Sie sind weiter zur Einziehung der Forderung erm\u00e4chtigt. Soweit Sie Ihren Zahlungsverpflichtungen nicht ordnungsgem\u00e4\u00df nachkommen, behalten wir uns allerdings vor, die Forderung selbst einzuziehen.<\/p><p>c) Bei Verbindung und Vermischung der Vorbehaltsware erwerben wir Miteigentum an der neuen Sache im Verh\u00e4ltnis des Rechnungswertes der Vorbehaltsware zu den anderen verarbeiteten Gegenst\u00e4nden zum Zeitpunkt der Verarbeitung.<\/p><p>d) Wir verpflichten uns, die uns zustehenden Sicherheiten auf Ihr Verlangen insoweit freizugeben, als der realisierbare Wert unserer Sicherheiten die zu sichernde Forderung um mehr als 10% \u00fcbersteigt. Die Auswahl der freizugebenden Sicherheiten obliegt uns.<\/p><p>\u00a7 6 Gew\u00e4hrleistung<\/p><p>(1) Es bestehen die gesetzlichen M\u00e4ngelhaftungsrechte.<\/p><p>(2) Als Verbraucher werden Sie gebeten, die Sache bei Lieferung umgehend auf Vollst\u00e4ndigkeit, offensichtliche M\u00e4ngel und Transportsch\u00e4den zu \u00fcberpr\u00fcfen und uns sowie dem Spediteur Beanstandungen schnellstm\u00f6glich mitzuteilen. Kommen Sie dem nicht nach, hat dies keine Auswirkung auf Ihre gesetzlichen Gew\u00e4hrleistungsanspr\u00fcche.<\/p><p>(3) Soweit Sie Unternehmer sind, gilt abweichend von den vorstehenden Gew\u00e4hrleistungsregelungen:<\/p><p>a) Als Beschaffenheit der Sache gelten nur unsere eigenen Angaben und die Produktbeschreibung des Herstellers als vereinbart, nicht jedoch sonstige Werbung, \u00f6ffentliche Anpreisungen und \u00c4u\u00dferungen des Herstellers.<\/p><p>b) Bei M\u00e4ngeln leisten wir nach unserer Wahl Gew\u00e4hr durch Nachbesserung oder Nachlieferung. Schl\u00e4gt die Mangelbeseitigung fehl, k\u00f6nnen Sie nach Ihrer Wahl Minderung verlangen oder vom Vertrag zur\u00fccktreten. Die M\u00e4ngelbeseitigung gilt nach erfolglosem zweiten Versuch als fehlgeschlagen, wenn sich nicht insbesondere aus der Art der Sache oder des Mangels oder den sonstigen Umst\u00e4nden etwas anderes ergibt. Im Falle der Nachbesserung m\u00fcssen wir nicht die erh\u00f6hten Kosten tragen, die durch die Verbringung der Ware an einen anderen Ort als den Erf\u00fcllungsort entstehen, sofern die Verbringung nicht dem bestimmungsgem\u00e4\u00dfen Gebrauch der Ware entspricht.<\/p><p>c) Die Gew\u00e4hrleistungsfrist betr\u00e4gt ein Jahr ab Ablieferung der Ware. Die Fristverk\u00fcrzung gilt nicht:<\/p><p>\u2013 f\u00fcr uns zurechenbare schuldhaft verursachte Sch\u00e4den aus der Verletzung des Lebens, des K\u00f6rpers oder der Gesundheit und bei vors\u00e4tzlich oder grob fahrl\u00e4ssig verursachten sonstigen Sch\u00e4den;<br \/>\u2013 soweit wir den Mangel arglistig verschwiegen oder eine Garantie f\u00fcr die Beschaffenheit der Sache \u00fcbernommen haben;<br \/>\u2013 bei Sachen, die entsprechend ihrer \u00fcblichen Verwendungsweise f\u00fcr ein Bauwerk verwendet worden sind und dessen Mangelhaftigkeit verursacht haben;<br \/>\u2013 bei gesetzlichen R\u00fcckgriffsanspr\u00fcchen, die Sie im Zusammenhang mit M\u00e4ngelrechten gegen uns haben.<\/p><p>\u00a7 7 Rechtswahl, Erf\u00fcllungsort, Gerichtsstand<\/p><p>(1) Es gilt deutsches Recht. Bei Verbrauchern gilt diese Rechtswahl nur, soweit hierdurch der durch zwingende Bestimmungen des Rechts des Staates des gew\u00f6hnlichen Aufenthaltes des Verbrauchers gew\u00e4hrte Schutz nicht entzogen wird (G\u00fcnstigkeitsprinzip).<\/p><p>(2) Erf\u00fcllungsort f\u00fcr alle Leistungen aus den mit uns bestehenden Gesch\u00e4ftsbeziehungen sowie Gerichtsstand ist unser Sitz, soweit Sie nicht Verbraucher, sondern Kaufmann, juristische Person des \u00f6ffentlichen Rechts oder \u00f6ffentlich-rechtliches Sonderverm\u00f6gen sind. Dasselbe gilt, wenn Sie keinen allgemeinen Gerichtsstand in Deutschland oder der EU haben oder der Wohnsitz oder gew\u00f6hnliche Aufenthalt im Zeitpunkt der Klageerhebung nicht bekannt ist. Die Befugnis, auch das Gericht an einem anderen gesetzlichen Gerichtsstand anzurufen, bleibt hiervon unber\u00fchrt.<\/p><p>(3) Die Bestimmungen des UN-Kaufrechts finden ausdr\u00fccklich keine Anwendung.<\/p><p>_______________________________________________________________________________________<\/p><p>II. Kundeninformationen<\/p><p>1. Identit\u00e4t des Verk\u00e4ufers<\/p><p>roc products GmbH<br \/>Hohe Bleichen 8<br \/>20354 Hamburg<br \/>Deutschland<br \/>Telefon: 040 5247976 20<br \/>E-Mail: <a href=\"mailto:service@roc-products.de\">service@roc-products.de<\/a><\/p><p>Gesch\u00e4ftsf\u00fchrer: Aaron von der Born, Tobias Naegele<br \/>HRB: 169665 Amtsgericht Hamburg<\/p><p>Alternative Streitbeilegung:<br \/>Die Europ\u00e4ische Kommission stellt eine Plattform f\u00fcr die au\u00dfergerichtliche Online-Streitbeilegung (OS-Plattform) bereit, aufrufbar unter https:\/\/ec.europa.eu\/odr.<\/p><p>2. Informationen zum Zustandekommen des Vertrages<\/p><p>Die technischen Schritte zum Vertragsschluss, der Vertragsschluss selbst und die Korrekturm\u00f6glichkeiten erfolgen nach Ma\u00dfgabe der Regelungen \u201cZustandekommen des Vertrages\u201d unserer Allgemeinen Gesch\u00e4ftsbedingungen (Teil I.).<\/p><p>3. Vertragssprache, Vertragstextspeicherung<\/p><p>3.1. Vertragssprache ist deutsch.<\/p><p>3.2. Der vollst\u00e4ndige Vertragstext wird von uns nicht gespeichert. Vor Absenden der Bestellung \u00fcber das Online \u2013 Warenkorbsystem k\u00f6nnen die Vertragsdaten \u00fcber die Druckfunktion des Browsers ausgedruckt oder elektronisch gesichert werden. Nach Zugang der Bestellung bei uns werden die Bestelldaten, die gesetzlich vorgeschriebenen Informationen bei Fernabsatzvertr\u00e4gen und die Allgemeinen Gesch\u00e4ftsbedingungen nochmals per E-Mail an Sie \u00fcbersandt.<\/p><p>3.3. Bei Angebotsanfragen au\u00dferhalb des Online-Warenkorbsystems erhalten Sie alle Vertragsdaten im Rahmen eines verbindlichen Angebotes in Textform \u00fcbersandt, z.B. per E-Mail, welche Sie ausdrucken oder elektronisch sichern k\u00f6nnen.<\/p><p>4. Wesentliche Merkmale der Ware oder Dienstleistung<\/p><p>Die wesentlichen Merkmale der Ware und\/oder Dienstleistung finden sich im jeweiligen Angebot.<\/p><p>5. Preise und Zahlungsmodalit\u00e4ten<\/p><p>5.1. Die in den jeweiligen Angeboten angef\u00fchrten Preise sowie die Versandkosten stellen Gesamtpreise dar. Sie beinhalten alle Preisbestandteile einschlie\u00dflich aller anfallenden Steuern.<\/p><p>5.2. Die anfallenden Versandkosten sind nicht im Kaufpreis enthalten. Sie sind \u00fcber eine entsprechend bezeichnete Schaltfl\u00e4che auf unserer Internetpr\u00e4senz oder im jeweiligen Angebot aufrufbar, werden im Laufe des Bestellvorganges gesondert ausgewiesen und sind von Ihnen zus\u00e4tzlich zu tragen, soweit nicht die versandkostenfreie Lieferung zugesagt ist.<\/p><p>5.3. Die Ihnen zur Verf\u00fcgung stehenden Zahlungsarten sind unter einer entsprechend bezeichneten Schaltfl\u00e4che auf unserer Internetpr\u00e4senz oder im jeweiligen Angebot ausgewiesen.<\/p><p>5.4. Soweit bei den einzelnen Zahlungsarten nicht anders angegeben, sind die Zahlungsanspr\u00fcche aus dem geschlossenen Vertrag sofort zur Zahlung f\u00e4llig.<\/p><p>6. Lieferbedingungen<\/p><p>6.1. Die Lieferbedingungen, der Liefertermin sowie gegebenenfalls bestehende Lieferbeschr\u00e4nkungen finden sich unter einer entsprechend bezeichneten Schaltfl\u00e4che auf unserer Internetpr\u00e4senz oder im jeweiligen Angebot.<\/p><p>6.2. Soweit Sie Verbraucher sind ist gesetzlich geregelt, dass die Gefahr des zuf\u00e4lligen Untergangs und der zuf\u00e4lligen Verschlechterung der verkauften Sache w\u00e4hrend der Versendung erst mit der \u00dcbergabe der Ware an Sie \u00fcbergeht, unabh\u00e4ngig davon, ob die Versendung versichert oder unversichert erfolgt. Dies gilt nicht, wenn Sie eigenst\u00e4ndig ein nicht vom Unternehmer benanntes Transportunternehmen oder eine sonst zur Ausf\u00fchrung der Versendung bestimmte Person beauftragt haben.<\/p><p>Sind Sie Unternehmer, erfolgt die Lieferung und Versendung auf Ihre Gefahr.<\/p><p>7. Gesetzliches M\u00e4ngelhaftungsrecht<\/p><p>Die M\u00e4ngelhaftung richtet sich nach der\u00a0Regelung \u201cGew\u00e4hrleistung\u201d in unseren Allgemeinen Gesch\u00e4ftsbedingungen (Teil I).<\/p>\t\t\t\t\t\t\t\t<\/div>\n\t\t\t\t<\/div>\n\t\t\t\t\t<\/div>\n\t\t\t\t<\/div>\n\t\t\t\t<\/div>\n\t\t","protected":false},"excerpt":{"rendered":"<p>AGB \u00a0 Allgemeine Gesch\u00e4ftsbedingungen und Kundeninformationen I. Allgemeine Gesch\u00e4ftsbedingungen \u00a7 1 Grundlegende Bestimmungen (1) Die nachstehenden Gesch\u00e4ftsbedingungen gelten f\u00fcr alle Vertr\u00e4ge, die Sie mit uns als Anbieter (ROC products GmbH) \u00fcber die Internetseite schlie\u00dfen. Soweit nicht anders vereinbart, wird der Einbeziehung gegebenenfalls von Ihnen verwendeter eigener Bedingungen widersprochen. (2) Verbraucher im Sinne der nachstehenden Regelungen [&hellip;]<\/p>\n","protected":false},"author":34,"featured_media":0,"parent":0,"menu_order":0,"comment_status":"closed","ping_status":"closed","template":"","meta":{"footnotes":""},"class_list":["post-72","page","type-page","status-publish","hentry"],"_links":{"self":[{"href":"https:\/\/www.roc-products.de\/outdoor-room\/wp-json\/wp\/v2\/pages\/72","targetHints":{"allow":["GET"]}}],"collection":[{"href":"https:\/\/www.roc-products.de\/outdoor-room\/wp-json\/wp\/v2\/pages"}],"about":[{"href":"https:\/\/www.roc-products.de\/outdoor-room\/wp-json\/wp\/v2\/types\/page"}],"author":[{"embeddable":true,"href":"https:\/\/www.roc-products.de\/outdoor-room\/wp-json\/wp\/v2\/users\/34"}],"replies":[{"embeddable":true,"href":"https:\/\/www.roc-products.de\/outdoor-room\/wp-json\/wp\/v2\/comments?post=72"}],"version-history":[{"count":4,"href":"https:\/\/www.roc-products.de\/outdoor-room\/wp-json\/wp\/v2\/pages\/72\/revisions"}],"predecessor-version":[{"id":96,"href":"https:\/\/www.roc-products.de\/outdoor-room\/wp-json\/wp\/v2\/pages\/72\/revisions\/96"}],"wp:attachment":[{"href":"https:\/\/www.roc-products.de\/outdoor-room\/wp-json\/wp\/v2\/media?parent=72"}],"curies":[{"name":"wp","href":"https:\/\/api.w.org\/{rel}","templated":true}]}}