{"id":73,"date":"2025-04-03T14:57:08","date_gmt":"2025-04-03T12:57:08","guid":{"rendered":"https:\/\/www.roc-products.de\/outdoor-room\/?page_id=73"},"modified":"2025-05-06T10:43:12","modified_gmt":"2025-05-06T08:43:12","slug":"impressum","status":"publish","type":"page","link":"https:\/\/www.roc-products.de\/outdoor-room\/impressum\/","title":{"rendered":"Impressum"},"content":{"rendered":"\t\t<div data-elementor-type=\"wp-post\" data-elementor-id=\"73\" class=\"elementor elementor-73\" data-elementor-post-type=\"page\">\n\t\t\t\t<div class=\"elementor-element elementor-element-ab9f8ff e-flex e-con-boxed e-con e-parent\" data-id=\"ab9f8ff\" data-element_type=\"container\">\n\t\t\t\t\t<div class=\"e-con-inner\">\n\t\t\t\t<div class=\"elementor-element elementor-element-e44c59e elementor-widget elementor-widget-heading\" data-id=\"e44c59e\" data-element_type=\"widget\" data-widget_type=\"heading.default\">\n\t\t\t\t<div class=\"elementor-widget-container\">\n\t\t\t\t\t<h2 class=\"elementor-heading-title elementor-size-default\">Impressum<\/h2>\t\t\t\t<\/div>\n\t\t\t\t<\/div>\n\t\t\t\t\t<\/div>\n\t\t\t\t<\/div>\n\t\t<div class=\"elementor-element elementor-element-4727229 e-flex e-con-boxed e-con e-parent\" data-id=\"4727229\" data-element_type=\"container\">\n\t\t\t\t\t<div class=\"e-con-inner\">\n\t\t\t\t<div class=\"elementor-element elementor-element-221dff7 elementor-widget elementor-widget-text-editor\" data-id=\"221dff7\" data-element_type=\"widget\" data-widget_type=\"text-editor.default\">\n\t\t\t\t<div class=\"elementor-widget-container\">\n\t\t\t\t\t\t\t\t\t<p>\u00a0<\/p><p><strong>Gesetzliche Anbieterkennung:<\/strong><\/p><p>roc-products GmbH<br \/>Hohe Bleichen 8<br \/>20354 Hamburg<br \/>Deutschland<\/p><p>Telefon: 040 5247976 20<br \/>E-Mail: <a href=\"mailto:service@roc-products.de\">service@roc-products.de \u00a0 \u00a0<\/a>(service [at] roc-products [dot] de)<\/p><p>Gesch\u00e4ftsf\u00fchrer: Aaron von der Born<\/p><p>WEEE-Reg.-Nr. DE 30837364<\/p><p>USt-IdNr.: DE303332233<\/p><p>eingetragen im Handelsregister des Amtsgerichtes Hamburg<br \/>Handelsregisternummer HRB 169665<\/p><p>Inhaltlich Verantwortlicher gem\u00e4\u00df \u00a7 55 RStV:<br \/>roc-products GmbH<\/p><p>Rechtliche Hinweise zur Webseite<br \/>Alle Texte, Bilder und weiter hier ver\u00f6ffentlichten Informationen unterliegen dem Urheberrecht des Anbieters, soweit nicht Urheberrechte Dritter bestehen. In jedem Fall ist eine Vervielf\u00e4ltigung, Verbreitung oder \u00f6ffentliche Wiedergabe ausschlie\u00dflich im Falle einer widerruflichen und nicht \u00fcbertragbaren Zustimmung des Anbieters gestattet.<\/p><p>F\u00fcr alle mittels Querverweis (Link) verbundenen Webinhalte \u00fcbernimmt der Anbieter keine Verantwortung, da es sich hierbei nicht um eigene Inhalte handelt. Die verlinkten Seiten wurden auf rechtswidrige Inhalte \u00fcberpr\u00fcft, zum Zeitpunkt der Verlinkung waren solche nicht erkennbar. Verantwortlich f\u00fcr den Inhalt der verlinkten Seiten ist deren Betreiber. Der Anbieter hat hierzu keine allgemeine \u00dcberwachungs- und Pr\u00fcfungspflicht. Bei Bekanntwerden einer Rechtsverletzung wird der entsprechende Link jedoch umgehend entfernt.<\/p>\t\t\t\t\t\t\t\t<\/div>\n\t\t\t\t<\/div>\n\t\t\t\t\t<\/div>\n\t\t\t\t<\/div>\n\t\t\t\t<\/div>\n\t\t","protected":false},"excerpt":{"rendered":"<p>Impressum \u00a0 Gesetzliche Anbieterkennung: roc-products GmbHHohe Bleichen 820354 HamburgDeutschland Telefon: 040 5247976 20E-Mail: service@roc-products.de \u00a0 \u00a0(service [at] roc-products [dot] de) Gesch\u00e4ftsf\u00fchrer: Aaron von der Born WEEE-Reg.-Nr. DE 30837364 USt-IdNr.: DE303332233 eingetragen im Handelsregister des Amtsgerichtes HamburgHandelsregisternummer HRB 169665 Inhaltlich Verantwortlicher gem\u00e4\u00df \u00a7 55 RStV:roc-products GmbH Rechtliche Hinweise zur WebseiteAlle Texte, Bilder und weiter hier ver\u00f6ffentlichten [&hellip;]<\/p>\n","protected":false},"author":34,"featured_media":0,"parent":0,"menu_order":0,"comment_status":"closed","ping_status":"closed","template":"","meta":{"footnotes":""},"class_list":["post-73","page","type-page","status-publish","hentry"],"_links":{"self":[{"href":"https:\/\/www.roc-products.de\/outdoor-room\/wp-json\/wp\/v2\/pages\/73","targetHints":{"allow":["GET"]}}],"collection":[{"href":"https:\/\/www.roc-products.de\/outdoor-room\/wp-json\/wp\/v2\/pages"}],"about":[{"href":"https:\/\/www.roc-products.de\/outdoor-room\/wp-json\/wp\/v2\/types\/page"}],"author":[{"embeddable":true,"href":"https:\/\/www.roc-products.de\/outdoor-room\/wp-json\/wp\/v2\/users\/34"}],"replies":[{"embeddable":true,"href":"https:\/\/www.roc-products.de\/outdoor-room\/wp-json\/wp\/v2\/comments?post=73"}],"version-history":[{"count":8,"href":"https:\/\/www.roc-products.de\/outdoor-room\/wp-json\/wp\/v2\/pages\/73\/revisions"}],"predecessor-version":[{"id":458,"href":"https:\/\/www.roc-products.de\/outdoor-room\/wp-json\/wp\/v2\/pages\/73\/revisions\/458"}],"wp:attachment":[{"href":"https:\/\/www.roc-products.de\/outdoor-room\/wp-json\/wp\/v2\/media?parent=73"}],"curies":[{"name":"wp","href":"https:\/\/api.w.org\/{rel}","templated":true}]}}