{"id":83,"date":"2025-04-03T14:57:56","date_gmt":"2025-04-03T12:57:56","guid":{"rendered":"https:\/\/www.roc-products.de\/outdoor-room\/?page_id=83"},"modified":"2025-04-09T10:21:31","modified_gmt":"2025-04-09T08:21:31","slug":"liefer-und-versandkosten","status":"publish","type":"page","link":"https:\/\/www.roc-products.de\/outdoor-room\/liefer-und-versandkosten\/","title":{"rendered":"Liefer- und Versandkosten"},"content":{"rendered":"\t\t<div data-elementor-type=\"wp-post\" data-elementor-id=\"83\" class=\"elementor elementor-83\" data-elementor-post-type=\"page\">\n\t\t\t\t<div class=\"elementor-element elementor-element-8af1514 e-flex e-con-boxed e-con e-parent\" data-id=\"8af1514\" data-element_type=\"container\">\n\t\t\t\t\t<div class=\"e-con-inner\">\n\t\t\t\t<div class=\"elementor-element elementor-element-e987541 elementor-widget elementor-widget-heading\" data-id=\"e987541\" data-element_type=\"widget\" data-widget_type=\"heading.default\">\n\t\t\t\t<div class=\"elementor-widget-container\">\n\t\t\t\t\t<h2 class=\"elementor-heading-title elementor-size-default\">Liefer- und Versandkosten<\/h2>\t\t\t\t<\/div>\n\t\t\t\t<\/div>\n\t\t\t\t<div class=\"elementor-element elementor-element-b4907d6 elementor-widget elementor-widget-text-editor\" data-id=\"b4907d6\" data-element_type=\"widget\" data-widget_type=\"text-editor.default\">\n\t\t\t\t<div class=\"elementor-widget-container\">\n\t\t\t\t\t\t\t\t\t<p>\u00a0<\/p><p><strong>Standard Versand<\/strong><\/p><div><p>Der Standardversand erfolgt \u00fcber DHL und ist f\u00fcr Pakete mit einem maximalen Versandgewicht von 31,5 kg m\u00f6glich. Die angegebenen Lieferzeiten beziehen sich auf Werktage.<\/p><p>Ab einem Bestellwert von 99,00 \u20ac ist der Versand innerhalb Deutschlands kostenlos (bitte beachten Sie, dass Gutscheine den Warenwert reduzieren k\u00f6nnen).<\/p><p>\u00a0<\/p><\/div><div><p>F\u00fcr zerbrechliche Artikel k\u00f6nnen abweichende Versandkosten anfallen.<\/p><p>\u00a0<\/p><\/div><div><table><tbody><tr><td><div><p>Land<\/p><\/div><\/td><td><div><p>Kosten<\/p><\/div><\/td><td><div><p>Lieferzeit ca.<\/p><\/div><\/td><\/tr><tr><td><div><p>Deutschland<\/p><\/div><\/td><td><div><p>\u20ac5,90<\/p><\/div><\/td><td><div><p>bis zu 30 Tage<\/p><\/div><\/td><\/tr><tr><td><div><p>\u00d6sterreich<\/p><\/div><\/td><td><div><p>\u20ac9,95<\/p><\/div><\/td><td><div><p>bis zu 30 Tage<\/p><\/div><\/td><\/tr><tr><td><div><p>Belgien<\/p><\/div><\/td><td><div><p>\u20ac9,95<\/p><\/div><\/td><td><div><p>bis zu 30 Tage<\/p><\/div><\/td><\/tr><tr><td><div><p>Niederlande<\/p><\/div><\/td><td><div><p>\u20ac9,95<\/p><\/div><\/td><td><div><p>bis zu 30 Tage<\/p><\/div><\/td><\/tr><tr><td><div><p>Luxemburg<\/p><\/div><\/td><td><div><p>\u20ac9,95<\/p><\/div><\/td><td><div><p>bis zu 30 Tage<\/p><\/div><\/td><\/tr><tr><td><div><p>Liechtenstein*<\/p><\/div><\/td><td><div><p>\u20ac24,95<\/p><\/div><\/td><td><div><p>bis zu 30 Tage<\/p><\/div><\/td><\/tr><tr><td><div><p>Frankreich<\/p><\/div><\/td><td><div><p>\u20ac24,95<\/p><\/div><\/td><td><div><p>bis zu 30 Tage<\/p><\/div><\/td><\/tr><tr><td><div><p>Spanien<\/p><\/div><\/td><td><div><p>\u20ac24,95<\/p><\/div><\/td><td><div><p>bis zu 30 Tage<\/p><\/div><\/td><\/tr><tr><td><div><p>Italien<\/p><\/div><\/td><td><div><p>\u20ac24,95<\/p><\/div><\/td><td><div><p>bis zu 30 Tage<\/p><\/div><\/td><\/tr><tr><td><div><p>Kroatien<\/p><\/div><\/td><td><div><p>\u20ac24,95<\/p><\/div><\/td><td><div><p>bis zu 30 Tage<\/p><\/div><\/td><\/tr><tr><td><div><p>Portugal<\/p><\/div><\/td><td><div><p>\u20ac24,95<\/p><\/div><\/td><td><div><p>bis zu 30 Tage<\/p><\/div><\/td><\/tr><tr><td><div><p>Schweden<\/p><\/div><\/td><td><div><p>\u20ac24,95<\/p><\/div><\/td><td><div><p>bis zu 30 Tage<\/p><\/div><\/td><\/tr><tr><td><div><p>D\u00e4nemark<\/p><\/div><\/td><td><div><p>\u20ac24,95<\/p><\/div><\/td><td><div><p>bis zu 30 Tage<\/p><\/div><\/td><\/tr><tr><td><div><p>Finnland<\/p><\/div><\/td><td><div><p>\u20ac24,95<\/p><\/div><\/td><td><div><p>bis zu 30 Tage<\/p><\/div><\/td><\/tr><tr><td><div><p>Gro\u00dfbritannien<\/p><\/div><\/td><td><div><p>\u20ac24,95<\/p><\/div><\/td><td><div><p>bis zu 30 Tage<\/p><\/div><\/td><\/tr><tr><td><div><p>Irland<\/p><\/div><\/td><td><div><p>\u20ac24,95<\/p><\/div><\/td><td><div><p>bis zu 30 Tage<\/p><\/div><\/td><\/tr><\/tbody><\/table><p><strong>Hinweis<\/strong><\/p><\/div><div><p>Falls Sie bei der Zustellung durch DHL nicht zu Hause sind, wird Ihre Lieferung bis zu 7 Tage in einer DHL-Filiale f\u00fcr Sie aufbewahrt \u2013 es sei denn, Sie haben eine alternative Vereinbarung mit DHL getroffen.<\/p><p>\u00a0<\/p><\/div><div><p><strong>Speditionsversand<\/strong><\/p><\/div><div><p>Sendungen mit einem Versandgewicht von 31,5 kg oder mehr werden per Spedition \u00fcber Hartmann verschickt. Die Lieferzeitangaben beziehen sich auf Werktage.<\/p><p>\u00a0<\/p><\/div><div><p><strong>Bitte beachten Sie<\/strong>: Die Lieferung erfolgt ausschlie\u00dflich bis zur Bordsteinkante.<\/p><p>\u00a0<\/p><\/div><div><table><tbody><tr><td><div><p>Land<\/p><\/div><\/td><td><div><p>Kosten<\/p><\/div><\/td><td><div><p>Lieferzeit ca.<\/p><\/div><\/td><\/tr><tr><td><div><p>Deutschland<\/p><\/div><\/td><td><div><p>\u20ac0,00<\/p><\/div><\/td><td><div><p>bis zu 30 Tage<\/p><\/div><\/td><\/tr><tr><td><div><p>\u00d6sterreich<\/p><\/div><\/td><td><div><p>\u20ac155,00<\/p><\/div><\/td><td><div><p>bis zu 30 Tage<\/p><\/div><\/td><\/tr><tr><td><div><p>Belgien<\/p><\/div><\/td><td><div><p>\u20ac155,00<\/p><\/div><\/td><td><div><p>bis zu 30 Tage<\/p><\/div><\/td><\/tr><tr><td><div><p>Niederlande<\/p><\/div><\/td><td><div><p>\u20ac155,00<\/p><\/div><\/td><td><div><p>bis zu 30 Tage<\/p><\/div><\/td><\/tr><tr><td><div><p>Luxemburg<\/p><\/div><\/td><td><div><p>\u20ac155,00<\/p><\/div><\/td><td><div><p>bis zu 30 Tage<\/p><\/div><\/td><\/tr><tr><td><div><p>Liechtenstein*<\/p><\/div><\/td><td><div><p>\u20ac175,00<\/p><\/div><\/td><td><div><p>bis zu 30 Tage<\/p><\/div><\/td><\/tr><tr><td><div><p>Frankreich<\/p><\/div><\/td><td><div><p>\u20ac255,00<\/p><\/div><\/td><td><div><p>bis zu 30 Tage<\/p><\/div><\/td><\/tr><tr><td><div><p>Spanien<\/p><\/div><\/td><td><div><p>\u20ac225,00<\/p><\/div><\/td><td><div><p>bis zu 30 Tage<\/p><\/div><\/td><\/tr><tr><td><div><p>Italien<\/p><\/div><\/td><td><div><p>\u20ac225,00<\/p><\/div><\/td><td><div><p>bis zu 30 Tage<\/p><\/div><\/td><\/tr><tr><td><div><p>Kroatien<\/p><\/div><\/td><td><div><p>\u20ac225,00<\/p><\/div><\/td><td><div><p>bis zu 30 Tage<\/p><\/div><\/td><\/tr><tr><td><div><p>Portugal<\/p><\/div><\/td><td><div><p>\u20ac225,00<\/p><\/div><\/td><td><div><p>bis zu 30 Tage<\/p><\/div><\/td><\/tr><tr><td><div><p>Schweden<\/p><\/div><\/td><td><div><p>\u20ac225,00<\/p><\/div><\/td><td><div><p>bis zu 30 Tage<\/p><\/div><\/td><\/tr><tr><td><div><p>D\u00e4nemark<\/p><\/div><\/td><td><div><p>\u20ac225,00<\/p><\/div><\/td><td><div><p>bis zu 30 Tage<\/p><\/div><\/td><\/tr><tr><td><div><p>Finnland<\/p><\/div><\/td><td><div><p>\u20ac225,00<\/p><\/div><\/td><td><div><p>bis zu 30 Tage<\/p><\/div><\/td><\/tr><tr><td><div><p>Gro\u00dfbritannien<\/p><\/div><\/td><td><div><p>\u20ac225,00<\/p><\/div><\/td><td><div><p>bis zu 30 Tage<\/p><\/div><\/td><\/tr><tr><td><div><p>Irland<\/p><\/div><\/td><td><div><p>\u20ac225,00<\/p><\/div><\/td><td><div><p>bis zu 30 Tage<\/p><\/div><\/td><\/tr><\/tbody><\/table><\/div><div><p><strong>Hinweis f\u00fcr den Versand in Nicht-EU-L\u00e4nder:<\/strong><\/p><\/div><div><p>Bei Lieferungen in L\u00e4nder au\u00dferhalb der EU k\u00f6nnen zus\u00e4tzliche Steuern oder Geb\u00fchren (z. B. Z\u00f6lle) anfallen. Diese werden nicht von uns erhoben oder in Rechnung gestellt, sondern sind direkt an die zust\u00e4ndigen Zoll- oder Steuerbeh\u00f6rden zu entrichten. Bitte informieren Sie sich vorab bei den entsprechenden Beh\u00f6rden \u00fcber die genauen Bestimmungen.<\/p><p>\u00a0<\/p><\/div><div><p><strong>Speditionslieferung<\/strong><\/p><\/div><div><p>Der Liefertermin wird individuell mit der Spedition abgestimmt.<\/p><\/div>\t\t\t\t\t\t\t\t<\/div>\n\t\t\t\t<\/div>\n\t\t\t\t\t<\/div>\n\t\t\t\t<\/div>\n\t\t\t\t<\/div>\n\t\t","protected":false},"excerpt":{"rendered":"<p>Liefer- und Versandkosten \u00a0 Standard Versand Der Standardversand erfolgt \u00fcber DHL und ist f\u00fcr Pakete mit einem maximalen Versandgewicht von 31,5 kg m\u00f6glich. Die angegebenen Lieferzeiten beziehen sich auf Werktage. Ab einem Bestellwert von 99,00 \u20ac ist der Versand innerhalb Deutschlands kostenlos (bitte beachten Sie, dass Gutscheine den Warenwert reduzieren k\u00f6nnen). \u00a0 F\u00fcr zerbrechliche Artikel [&hellip;]<\/p>\n","protected":false},"author":34,"featured_media":0,"parent":0,"menu_order":0,"comment_status":"closed","ping_status":"closed","template":"","meta":{"footnotes":""},"class_list":["post-83","page","type-page","status-publish","hentry"],"_links":{"self":[{"href":"https:\/\/www.roc-products.de\/outdoor-room\/wp-json\/wp\/v2\/pages\/83","targetHints":{"allow":["GET"]}}],"collection":[{"href":"https:\/\/www.roc-products.de\/outdoor-room\/wp-json\/wp\/v2\/pages"}],"about":[{"href":"https:\/\/www.roc-products.de\/outdoor-room\/wp-json\/wp\/v2\/types\/page"}],"author":[{"embeddable":true,"href":"https:\/\/www.roc-products.de\/outdoor-room\/wp-json\/wp\/v2\/users\/34"}],"replies":[{"embeddable":true,"href":"https:\/\/www.roc-products.de\/outdoor-room\/wp-json\/wp\/v2\/comments?post=83"}],"version-history":[{"count":8,"href":"https:\/\/www.roc-products.de\/outdoor-room\/wp-json\/wp\/v2\/pages\/83\/revisions"}],"predecessor-version":[{"id":187,"href":"https:\/\/www.roc-products.de\/outdoor-room\/wp-json\/wp\/v2\/pages\/83\/revisions\/187"}],"wp:attachment":[{"href":"https:\/\/www.roc-products.de\/outdoor-room\/wp-json\/wp\/v2\/media?parent=83"}],"curies":[{"name":"wp","href":"https:\/\/api.w.org\/{rel}","templated":true}]}}