{"id":86,"date":"2025-04-03T14:58:35","date_gmt":"2025-04-03T12:58:35","guid":{"rendered":"https:\/\/www.roc-products.de\/outdoor-room\/?page_id=86"},"modified":"2025-04-09T10:23:47","modified_gmt":"2025-04-09T08:23:47","slug":"zahlungsarten","status":"publish","type":"page","link":"https:\/\/www.roc-products.de\/outdoor-room\/zahlungsarten\/","title":{"rendered":"Zahlungsarten"},"content":{"rendered":"\t\t<div data-elementor-type=\"wp-post\" data-elementor-id=\"86\" class=\"elementor elementor-86\" data-elementor-post-type=\"page\">\n\t\t\t\t<div class=\"elementor-element elementor-element-6f96ab6 e-flex e-con-boxed e-con e-parent\" data-id=\"6f96ab6\" data-element_type=\"container\">\n\t\t\t\t\t<div class=\"e-con-inner\">\n\t\t\t\t<div class=\"elementor-element elementor-element-f794d40 elementor-widget elementor-widget-heading\" data-id=\"f794d40\" data-element_type=\"widget\" data-widget_type=\"heading.default\">\n\t\t\t\t<div class=\"elementor-widget-container\">\n\t\t\t\t\t<h2 class=\"elementor-heading-title elementor-size-default\">Zahlungsarten<\/h2>\t\t\t\t<\/div>\n\t\t\t\t<\/div>\n\t\t\t\t<div class=\"elementor-element elementor-element-4d08431 elementor-widget elementor-widget-text-editor\" data-id=\"4d08431\" data-element_type=\"widget\" data-widget_type=\"text-editor.default\">\n\t\t\t\t<div class=\"elementor-widget-container\">\n\t\t\t\t\t\t\t\t\t<p>\u00a0<\/p><p>Um Ihnen den Einkauf so einfach wie m\u00f6glich zu gestalten, bieten wir je nach Land verschiedene Zahlungsm\u00f6glichkeiten an. Eine detaillierte Beschreibung der verf\u00fcgbaren Zahlungsoptionen finden Sie \u00fcber den jeweiligen Link zur Zahlungsart.<\/p><p>\u00a0<\/p><div><div><table width=\"907\"><tbody><tr><td><div><p><strong>Zahlungsart<\/strong><\/p><\/div><\/td><td><div><p><strong>Deutschland <\/strong><\/p><\/div><\/td><td><div><p><strong>EU-L\u00e4nder <\/strong><\/p><\/div><\/td><td><div><p><strong>Non-EU<\/strong><\/p><\/div><\/td><\/tr><tr><td><div><p><a href=\"https:\/\/grillstar.de\/pages\/zahlung-versand#zahlungsartpaypal\">PayPal<\/a><\/p><\/div><\/td><td><div><p>\u2713<\/p><\/div><\/td><td><div><p>\u2713<\/p><\/div><\/td><td><div><p>\u2713<\/p><\/div><\/td><\/tr><tr><td><div><p><a href=\"https:\/\/grillstar.de\/pages\/zahlung-versand#zahlungsartvorkasse\">Vorkasse \u00dcberweisung<\/a> (2% Skonto)<\/p><\/div><\/td><td><div><p>\u2713<\/p><\/div><\/td><td><div><p>\u2713<\/p><\/div><\/td><td><div><p>\u2713<\/p><\/div><\/td><\/tr><tr><td><div><p><a href=\"https:\/\/grillstar.de\/pages\/zahlung-versand#zahlungsartkreditkarte\">Kreditkarte<\/a><\/p><\/div><\/td><td><div><p>\u2713<\/p><\/div><\/td><td><div><p>\u2713<\/p><\/div><\/td><td><div><p>\u2713<\/p><\/div><\/td><\/tr><tr><td><div><p><a href=\"https:\/\/grillstar.de\/pages\/zahlung-versand#zahlungsartabholung\">Barzahlung bei Abholung<\/a><\/p><\/div><\/td><td><div><p><a href=\"https:\/\/grillstar.de\/pages\/zahlung-versand#zahlungsartabholung\">\u2713<\/a><\/p><\/div><\/td><td><div><p>\u2713<\/p><\/div><\/td><td><div><p>\u2713<\/p><\/div><\/td><\/tr><tr><td><div><p><a href=\"https:\/\/grillstar.de\/pages\/zahlung-versand#zahlungsartapplepay\">Apple Pay<\/a><\/p><\/div><\/td><td><div><p><a href=\"https:\/\/grillstar.de\/pages\/zahlung-versand#zahlungsartapplepay\">\u2713<\/a><\/p><\/div><\/td><td><div><p>\u2713<\/p><\/div><\/td><td><div><p>\u2713<\/p><\/div><\/td><\/tr><tr><td><div><p><a href=\"https:\/\/grillstar.de\/pages\/zahlung-versand#zahlungsartklarnaraten\">Klarna Ratenzahlung<\/a><\/p><\/div><\/td><td><div><p><a href=\"https:\/\/grillstar.de\/pages\/zahlung-versand#zahlungsartklarnaraten\">\u2713<\/a><\/p><\/div><\/td><td><div><p>D, AU<\/p><\/div><\/td><td><div><p>\u2717<\/p><\/div><\/td><\/tr><tr><td><div><p><a href=\"https:\/\/grillstar.de\/pages\/zahlung-versand#zahlungsartklarnarechnung\">Klarna Rechnungskauf<\/a><\/p><\/div><\/td><td><div><p><a href=\"https:\/\/grillstar.de\/pages\/zahlung-versand#zahlungsartklarnarechnung\">\u2713<\/a><\/p><\/div><\/td><td><div><p>D, AU<\/p><\/div><\/td><td><div><p>\u2717<\/p><\/div><\/td><\/tr><\/tbody><\/table><\/div><div><p>\u00a0<\/p><p>Die im Checkout gew\u00e4hlte Zahlungsart wird automatisch in deinem Kundenkonto als bevorzugte Option gespeichert und bei zuk\u00fcnftigen Eink\u00e4ufen vorausgew\u00e4hlt. So entf\u00e4llt die erneute Auswahl, und dein Einkauf auf unserer Seite wird noch komfortabler.<\/p><p>\u00a0<\/p><\/div><h4>Bezahlen mit PayPal<\/h4><p>Mit dem PayPal Online-Zahlungsservice kannst du deine Bestellungen bequem, schnell und vor allem sicher bezahlen. Falls du noch kein PayPal-Konto hast, kannst du dieses direkt w\u00e4hrend des Bezahlvorgangs erstellen und deine Bestellung sofort abschlie\u00dfen.<\/p><p>\u00a0<\/p><div><p>So zahlst du mit PayPal:<\/p><\/div><div><p>1. Lege deine gew\u00fcnschten Artikel in den Warenkorb und folge den weiteren Anweisungen im Shop.<\/p><\/div><div><p>2. W\u00e4hle im Checkout PayPal als Zahlungsart und best\u00e4tige deine Bestellung mit dem Button \u201eJetzt kaufen\u201e.<\/p><\/div><div><p>3. Du wirst automatisch zur PayPal-Seite weitergeleitet, um die Zahlung abzuschlie\u00dfen \u2013 und das war\u2019s schon!<\/p><p>\u00a0<\/p><\/div><div><p><strong>Tipp<\/strong>:<\/p><\/div><div><p>Wenn es besonders schnell gehen soll, kannst du einzelne Artikel direkt \u00fcber den <strong>PayPal-Button<\/strong> in der Artikelbeschreibung oder aus dem Warenkorb heraus kaufen. Dabei wirst du direkt zu PayPal weitergeleitet und kannst den Kauf sofort abschlie\u00dfen.<\/p><p>\u00a0<\/p><\/div><div><p><strong>Hinweis:<\/strong><\/p><\/div><div><p>Im Falle einer Stornierung wird der von PayPal gezahlte Betrag deinem PayPal-Konto gutgeschrieben. Von dort kannst du die R\u00fcckerstattung bequem auf dein Bankkonto \u00fcberweisen.<\/p><\/div><div><p>Weitere Informationen zu PayPal findest du auf der offiziellen PayPal-Website.<\/p><p>\u00a0<\/p><p>\u00a0<\/p><\/div><div><h4>Bezahlen mit PayPal \u2013 Kauf auf Rechnung<\/h4><\/div><div><p>Mit dem PayPal Rechnungskauf kannst du einfach, schnell und sicher auf Rechnung einkaufen \u2013 und das sogar ohne PayPal-Konto! Falls du dennoch ein PayPal-Konto erstellen m\u00f6chtest, kannst du dies bequem w\u00e4hrend des Bezahlvorgangs tun.<\/p><\/div><div>\u00a0<\/div><div><p>So funktioniert der Kauf auf Rechnung mit PayPal:<\/p><ol><li>Lege deine gew\u00fcnschten Artikel in den Warenkorb und folge den weiteren Anweisungen im Shop.<\/li><li>W\u00e4hle im Checkout PayPal \u2013 Kauf auf Rechnung als Zahlungsart und best\u00e4tige deine Bestellung mit dem Button \u201eJetzt kaufen\u201c.<\/li><li>Du wirst anschlie\u00dfend zur PayPal-Seite weitergeleitet, um die Zahlungsanweisungen zu best\u00e4tigen \u2013 und das war\u2019s schon!<\/li><\/ol><\/div><div><p>Die Zahlung ist damit abgeschlossen, und lagernde Ware wird sofort f\u00fcr den Versand vorbereitet. Den Rechnungsbetrag begleichst du innerhalb von 14 Tagen nach Erhalt der Ware an die auf der Rechnung oder in der E-Mail angegebene PayPal-Bankverbindung.<\/p><p>\u00a0<\/p><\/div><div><p><strong>Hinweis:<\/strong><\/p><\/div><div><p>Im Falle einer Stornierung wird der von PayPal gezahlte Betrag deinem PayPal-Konto gutgeschrieben. Von dort kannst du die R\u00fcckerstattung bequem auf dein Bankkonto \u00fcberweisen.<\/p><\/div><div><p>Weitere Informationen zum PayPal-Kauf auf Rechnung findest du auf der PayPal-Website.<\/p><p>\u00a0<\/p><\/div><div><h4>Bezahlen mit PayPal \u2013 SEPA-Lastschrift<\/h4><\/div><div><p>Mit dem SEPA-Lastschriftverfahren \u00fcber PayPal kannst du bequem und schnell in unserem Shop bezahlen \u2013 und das sogar ohne PayPal-Konto! Falls du dennoch ein PayPal-Konto erstellen m\u00f6chtest, kannst du dies einfach w\u00e4hrend des Bezahlvorgangs tun.<\/p><p>\u00a0<\/p><\/div><div><p>So funktioniert die Zahlung per SEPA-Lastschrift mit PayPal:<\/p><\/div><div><ol><li>Lege deine gew\u00fcnschten Artikel in den Warenkorb und folge den weiteren Anweisungen im Shop.<\/li><li>W\u00e4hle im Checkout PayPal \u2013 SEPA-Lastschrift als Zahlungsart und best\u00e4tige deine Bestellung mit dem Button \u201eJetzt kaufen\u201e.<\/li><li>Du wirst anschlie\u00dfend zur PayPal-Seite weitergeleitet, um dein Lastschriftmandat zu best\u00e4tigen \u2013 und das war\u2019s schon!<\/li><\/ol><\/div><div><p>\u00a0<\/p><\/div><div><p>Durch die Zahlung per Lastschrift \u00fcber PayPal wird die Bestellung sofort verarbeitet, und lagernde Ware wird umgehend f\u00fcr den Versand vorbereitet.<\/p><p>\u00a0<\/p><\/div><div><p><strong>Hinweis:<\/strong><\/p><\/div><div><p>Im Falle einer Stornierung wird der von PayPal gezahlte Betrag deinem PayPal-Konto gutgeschrieben. Von dort kannst du die R\u00fcckerstattung bequem auf dein Bankkonto \u00fcberweisen.<\/p><p>\u00a0<\/p><\/div><div><p>Bezahlen mit PayPal \u2013 Kreditkarte<\/p><\/div><div>Mit der Kreditkartenzahlung \u00fcber PayPal kannst du schnell und einfach in unserem Shop bezahlen \u2013 und das sogar ohne PayPal-Konto! Falls du dennoch ein PayPal-Konto erstellen m\u00f6chtest, kannst du dies bequem w\u00e4hrend des Bezahlvorgangs tun.<\/div><div>\u00a0<\/div><div><p>So funktioniert die Zahlung per Kreditkarte mit PayPal:<\/p><\/div><div><ol><li>Lege deine gew\u00fcnschten Artikel in den Warenkorb und folge den weiteren Anweisungen im Shop.<\/li><li>W\u00e4hle im Checkout PayPal \u2013 Kreditkarte als Zahlungsart und best\u00e4tige deine Bestellung mit dem Button \u201eJetzt kaufen\u201e.<\/li><li>Du wirst anschlie\u00dfend zur PayPal-Seite weitergeleitet, um deine Kreditkartendaten einzugeben \u2013 und das war\u2019s schon!<\/li><\/ol><\/div><div><p>\u00a0<\/p><\/div><div><p>Dank der schnellen Abwicklung mit Kreditkarte \u00fcber PayPal wird lagernde Ware sofort f\u00fcr den Versand vorbereitet.<\/p><p>\u00a0<\/p><\/div><div><p><strong>Hinweis:<\/strong><\/p><p>Im Falle einer Stornierung wird der von PayPal gezahlte Betrag deinem PayPal-Konto gutgeschrieben. Von dort kannst du die R\u00fcckerstattung bequem auf dein Bankkonto \u00fcberweisen.<\/p><\/div><div><p>\u00a0<\/p><\/div><div><h4>Ratenzahlung mit PayPal<\/h4><\/div><div><p>M\u00f6chtest du eine gr\u00f6\u00dfere Investition t\u00e4tigen und die Kosten bequem auf mehrere Monate verteilen? Mit der PayPal-Ratenzahlung kannst du deinen Einkauf flexibel in 12 Monatsraten begleichen und den gesamten Prozess unkompliziert online abschlie\u00dfen.<\/p><p>\u00a0<\/p><p>So funktioniert die PayPal-Ratenzahlung:<\/p><\/div><div><ol><li>Lege deine gew\u00fcnschten Artikel in den Warenkorb und folge den Anweisungen im Shop.<\/li><li>W\u00e4hle im Checkout PayPal \u2013 Ratenzahlung als Zahlungsmethode und best\u00e4tige deine Bestellung mit \u201eJetzt kaufen\u201e.<\/li><li>Du wirst automatisch zu PayPal weitergeleitet, wo du direkt deinen Antrag auf Ratenzahlung stellst. Nach einer kurzen Bonit\u00e4tspr\u00fcfung erh\u00e4ltst du sofort eine Entscheidung.<\/li><\/ol><\/div><div><p>\u00a0<\/p><\/div><div><p>Nach der Best\u00e4tigung wird deine Bestellung umgehend bearbeitet, sodass lagernde Ware direkt in den Versand geht.<\/p><p>\u00a0<\/p><\/div><div><p><strong>Wichtige Informationen zur PayPal-Ratenzahlung:<\/strong><\/p><\/div><div><ul><li>Die Ratenzahlung setzt ein deutsches PayPal-Privatkonto mit best\u00e4tigtem Bankkonto sowie die Erteilung eines SEPA-Lastschriftmandats voraus<\/li><li>Finanzierungsdetails gem\u00e4\u00df \u00a7 6a PAngV:<\/li><li>Effektiver Jahreszins: 9,99 %<\/li><li>Fester Sollzinssatz: 9,56 %<\/li><li>Kreditrahmen: 99 EUR bis 5.000 EUR<\/li><li>Laufzeit: 12 Monate<\/li><li>Bonit\u00e4tspr\u00fcfung erforderlich<\/li><li>Kreditgeber: PayPal (Europe) S.\u00e0.r.l. et Cie, S.C.A., 22\u201324 Boulevard Royal, L-2449 Luxembourg<\/li><\/ul><\/div><div><p>\u00a0<\/p><\/div><div><p>Beispielrechnung gem\u00e4\u00df \u00a7 6a Abs. 4 PAngV:<\/p><\/div><div><ul><li>Nettodarlehensbetrag: 1.000,00 EUR<\/li><li>Gesamtbetrag: 1.052,54 EUR<\/li><li>Monatliche Rate: 87,71 EUR<\/li><li>Laufzeit: 12 Monate<\/li><li>Fester Sollzinssatz: 9,56 %<\/li><li>Effektiver Jahreszins: 9,99 %<\/li><\/ul><\/div><div><p>\u00a0<\/p><p>Nutze die PayPal-Ratenzahlung, um deine W\u00fcnsche sofort zu erf\u00fcllen und gleichzeitig finanziell flexibel zu bleiben!<\/p><\/div><div><p>\u00a0<\/p><h4>Bezahlen mit Vorkasse\u00fcberweisung<\/h4><\/div><div><p>M\u00f6chtest du bei deinem Einkauf maximale Einsparungen erzielen? Dann nutze die M\u00f6glichkeit der Vorkasse-\u00dcberweisung f\u00fcr deinen Einkauf.<\/p><\/div><div><p>Nach Abschluss deiner Bestellung mit der Vorkasse-Option erh\u00e4ltst du automatisch eine E-Mail mit der Bestellbest\u00e4tigung. Diese enth\u00e4lt unsere Bankdaten sowie deine Bestellnummer.<\/p><\/div><div><p>Sobald der vollst\u00e4ndige Betrag auf unserem Konto eingegangen ist, wird deine Bestellung, abh\u00e4ngig von der Verf\u00fcgbarkeit, umgehend versandt.<\/p><p>\u00a0<\/p><\/div><div><p><strong>Wichtiger Hinweis:<\/strong><\/p><\/div><div><p>Bitte beachte, dass bei bestimmten Produkten oder Sonderaktionen ein Skontoabzug ausgeschlossen sein kann. Dies erkennst du daran, dass bei diesen Artikeln kein Skontopreis vermerkt ist.<\/p><p>\u00a0<\/p><\/div><div><h4>Bezahlung mit Kreditkarte<\/h4><p>M\u00f6chtest du deine Bestellung mit einer Kreditkarte begleichen?<\/p><\/div><div>\u00a0<\/div><div>Akzeptierte Kreditkartenarten:<\/div><ul><li>MasterCard<\/li><li>Visa<\/li><li>American Express<\/li><\/ul><div><p>W\u00e4hle w\u00e4hrend des Bezahlvorgangs die Option \u201eKreditkarte\u201c und gib deine Kartendaten ein. Sobald das erledigt ist, wird deine Bestellung zum Versand vorbereitet!<\/p><\/div><div><p><strong>Hinweis:<\/strong><\/p><\/div><div><p>Erstattungen erfolgen \u00fcber den Zahlungsdienstleister und werden auf der n\u00e4chsten Kreditkartenabrechnung gutgeschrieben. Der Zeitpunkt der Abrechnung h\u00e4ngt vom jeweiligen Kreditkartenanbieter ab.<\/p><\/div><div><p>F\u00fcr detaillierte Informationen zur Zahlung mit Kreditkarte besuche bitte die Webseite deines Kreditkartenanbieters.<\/p><p>\u00a0<\/p><\/div><div><h4>Barzahlung bei Abholung<\/h4><\/div><div>M\u00f6chtest du deine Bestellung schnell und unkompliziert erhalten? Dann w\u00e4hle einfach die Option \u201eBarzahlung bei Abholung\u201c bei den Zahlungsmethoden!<\/div><div><p>In unserem Showroom kannst du deine Artikel direkt abholen und bequem an der Kasse bar bezahlen. Bitte denke daran, deine Bestellbest\u00e4tigung mitzubringen, um einen reibungslosen Ablauf zu garantieren.<\/p><p>\u00a0<\/p><\/div><div><p><strong>Unsere Adresse:<\/strong><\/p><\/div><div><p>roc-products GmbH<\/p><\/div><div><p>Hohe Bleichen 8<\/p><p>20354 Hamburg<\/p><p>\u00a0<\/p><\/div><div><table><tbody><tr><td><div><p><strong>Wochentag<\/strong><\/p><\/div><\/td><td><div><p><strong>\u00d6ffnungszeiten<\/strong><\/p><\/div><\/td><\/tr><tr><td><div><p>Montag<\/p><\/div><\/td><td><div><p>09:00 \u2013 18:00 Uhr<\/p><\/div><\/td><\/tr><tr><td><div><p>Dienstag<\/p><\/div><\/td><td><div><p>09:00 \u2013 18:00 Uhr<\/p><\/div><\/td><\/tr><tr><td><div><p>Mittwoch<\/p><\/div><\/td><td><div><p>09:00 \u2013 18:00 Uhr<\/p><\/div><\/td><\/tr><tr><td><div><p>Donnerstag<\/p><\/div><\/td><td><div><p>09:00 \u2013 18:00 Uhr<\/p><\/div><\/td><\/tr><tr><td><div><p>Freitag<\/p><\/div><\/td><td><div><p>09:00 \u2013 18:00 Uhr<\/p><\/div><\/td><\/tr><tr><td><div><p>Samstag<\/p><\/div><\/td><td><div><p>geschlossen<\/p><\/div><\/td><\/tr><tr><td><div><p>Sonn- und Feiertage<\/p><\/div><\/td><td><div><p>geschlossen<\/p><\/div><\/td><\/tr><\/tbody><\/table><\/div><div><p>\u00a0<\/p><h4>Bezahlen mit Apple Pay<\/h4><\/div><div><p>Besitzt du ein iPhone oder ein anderes Ger\u00e4t von Apple? Dann kannst du von der modernen, sicheren und \u00e4u\u00dferst komfortablen Zahlungsmethode von Apple profitieren.<\/p><p>\u00a0<\/p><\/div><div><p>So bezahlst du mit Apple Pay:<\/p><\/div><div><p>1. Platziere deine gew\u00fcnschten Produkte im Warenkorb.<\/p><\/div><div><p>2. W\u00e4hle Apple Pay als Zahlungsmethode beim Checkout aus.<\/p><\/div><div><p>3. Best\u00e4tige die Zahlungsdetails und schlie\u00dfe den Kauf ab \u2013 einfacher geht es nicht!<\/p><\/div><div><p>Nach der erfolgreichen Bestellung ist kein weiteres Eingeben von Liefer- oder Rechnungsadresse notwendig. Lege einfach deine Bank- oder Kreditkarten in deinem Apple-Konto fest und behalte alles im Blick mit der Wallet App.<\/p><p>\u00a0<\/p><\/div><div><p><strong>Wichtige Hinweise:<\/strong><\/p><\/div><div><p>Sollte ein Kauf \u00fcber Apple Pay r\u00fcckg\u00e4ngig gemacht werden, wird der gezahlte Betrag in der Regel durch Apple auf dein Konto zur\u00fcck\u00fcberwiesen. Weitere Informationen findest du auf der offiziellen Apple-Website.<\/p><\/div><div><p>\u00a0<\/p><\/div><div><h4>Klarna Ratenzahlung\u00a0<\/h4><\/div><div><p>M\u00f6chtest du deine Eink\u00e4ufe flexibel in Raten begleichen? Der Klarna Ratenkauf bietet dir eine bequeme L\u00f6sung.<\/p><\/div><div><p>Voraussetzungen f\u00fcr die Ratenzahlung<\/p><p>Um den Klarna Ratenkauf nutzen zu k\u00f6nnen, sind folgende Bedingungen zu erf\u00fcllen:<\/p><\/div><div><p>1. Du bist mindestens 18 Jahre alt.<\/p><\/div><div><p>2. Deine Rechnungsadresse entspricht deiner Wohnadresse.<\/p><\/div><div><p>3. Du musst deinen vollst\u00e4ndigen Namen, Geburtsnamen sowie deine Bankverbindung angeben.<\/p><\/div><div><p>4. Eine positive Bonit\u00e4tspr\u00fcfung ist erforderlich.<\/p><\/div><div><p>5. Du bist ein privater Konsument und kein Gesch\u00e4ftskunde.<\/p><p>\u00a0<\/p><\/div><div><p>Nach Genehmigung durch Klarna hast du die Freiheit, einen Ratenplan auszuw\u00e4hlen und kannst deine Zahlungen \u00fcber einen Zeitraum von bis zu 24 Monaten verteilen.<\/p><p>\u00a0<\/p><\/div><div><p><strong>Wichtiger Hinweis<\/strong><\/p><\/div><div><p>Der Finanzierungsservice von Klarna erm\u00f6glicht es dir, deinen Einkauf in flexiblen monatlichen Raten zu begleichen. Die monatliche Rate betr\u00e4gt mindestens 1\/24 des Gesamtbetrags oder mindestens 6,95 \u20ac, je nach den an der Kasse angegebenen Konditionen.<\/p><\/div><div><p>Umfassende Informationen zum Klarna Ratenkauf, einschlie\u00dflich der Allgemeinen Gesch\u00e4ftsbedingungen und der europ\u00e4ischen Standardinformationen f\u00fcr Verbraucherkredite, findest du auf der Klarna-Website.<\/p><p>\u00a0<\/p><h4>Kauf auf Rechnung mit Klarna<\/h4><\/div><div><p>Der Kauf auf Rechnung \u00fcber Klarna gestaltet sich unkompliziert und z\u00fcgig. Bedingungen f\u00fcr den Rechnungskauf:<\/p><\/div><div><ul><li>Du musst mindestens 18 Jahre alt sein.<\/li><li>Die Rechnungsadresse muss deiner Wohnadresse entsprechen.<\/li><li>Der Bestellwert darf \u20ac1000 nicht \u00fcberschreiten.<\/li><li>Du handelst als Privatperson und nicht als Gesch\u00e4ftskunde.<\/li><\/ul><\/div><div><p>\u00a0<\/p><\/div><div><p>Sobald du deine Daten im Checkout eingegeben hast, ist der Bestellvorgang abgeschlossen. Die Bezahlung erfolgt erst nach Erhalt der Ware innerhalb von 14 Tagen direkt auf das von Klarna angegebene Bankkonto.<\/p><p>\u00a0<\/p><\/div><div><p><strong>Wichtiger Hinweis:<\/strong><\/p><\/div><div><p>Bitte bedenke, dass bei einer Stornierung nach einem Kauf auf Rechnung \u00fcber Klarna bereits gezahlte Betr\u00e4ge durch Klarna auf dein Konto zur\u00fcckerstattet werden.<\/p><p>\u00a0<\/p><\/div><div><p>Detaillierte Informationen erh\u00e4ltst du auf der Webseite von Klarna.<\/p><\/div><\/div>\t\t\t\t\t\t\t\t<\/div>\n\t\t\t\t<\/div>\n\t\t\t\t\t<\/div>\n\t\t\t\t<\/div>\n\t\t\t\t<\/div>\n\t\t","protected":false},"excerpt":{"rendered":"<p>Zahlungsarten \u00a0 Um Ihnen den Einkauf so einfach wie m\u00f6glich zu gestalten, bieten wir je nach Land verschiedene Zahlungsm\u00f6glichkeiten an. Eine detaillierte Beschreibung der verf\u00fcgbaren Zahlungsoptionen finden Sie \u00fcber den jeweiligen Link zur Zahlungsart. \u00a0 Zahlungsart Deutschland EU-L\u00e4nder Non-EU PayPal \u2713 \u2713 \u2713 Vorkasse \u00dcberweisung (2% Skonto) \u2713 \u2713 \u2713 Kreditkarte \u2713 \u2713 \u2713 Barzahlung [&hellip;]<\/p>\n","protected":false},"author":34,"featured_media":0,"parent":0,"menu_order":0,"comment_status":"closed","ping_status":"closed","template":"","meta":{"footnotes":""},"class_list":["post-86","page","type-page","status-publish","hentry"],"_links":{"self":[{"href":"https:\/\/www.roc-products.de\/outdoor-room\/wp-json\/wp\/v2\/pages\/86","targetHints":{"allow":["GET"]}}],"collection":[{"href":"https:\/\/www.roc-products.de\/outdoor-room\/wp-json\/wp\/v2\/pages"}],"about":[{"href":"https:\/\/www.roc-products.de\/outdoor-room\/wp-json\/wp\/v2\/types\/page"}],"author":[{"embeddable":true,"href":"https:\/\/www.roc-products.de\/outdoor-room\/wp-json\/wp\/v2\/users\/34"}],"replies":[{"embeddable":true,"href":"https:\/\/www.roc-products.de\/outdoor-room\/wp-json\/wp\/v2\/comments?post=86"}],"version-history":[{"count":3,"href":"https:\/\/www.roc-products.de\/outdoor-room\/wp-json\/wp\/v2\/pages\/86\/revisions"}],"predecessor-version":[{"id":105,"href":"https:\/\/www.roc-products.de\/outdoor-room\/wp-json\/wp\/v2\/pages\/86\/revisions\/105"}],"wp:attachment":[{"href":"https:\/\/www.roc-products.de\/outdoor-room\/wp-json\/wp\/v2\/media?parent=86"}],"curies":[{"name":"wp","href":"https:\/\/api.w.org\/{rel}","templated":true}]}}