{"id":441,"date":"2025-05-05T11:34:22","date_gmt":"2025-05-05T09:34:22","guid":{"rendered":"https:\/\/www.roc-products.de\/outdoor-room\/?post_type=product&#038;p=441"},"modified":"2025-12-12T09:05:48","modified_gmt":"2025-12-12T08:05:48","slug":"grillkurs-grillkoenig","status":"publish","type":"product","link":"https:\/\/www.roc-products.de\/outdoor-room\/produkt\/grillkurs-grillkoenig\/","title":{"rendered":"Grillk\u00f6nig"},"content":{"rendered":"<p>Erlebe ein au\u00dfergew\u00f6hnliches BBQ-Event, das die Aromen Koreas mit modernem Grillgenuss vereint. Unser Grillk\u00f6nig Grillkurs verbindet Kreativit\u00e4t, Qualit\u00e4t und Leidenschaft zu einem kulinarischen Erlebnis der Extraklasse. Gemeinsam zaubern wir ein spannendes Men\u00fc &#8211; perfekt f\u00fcr Genie\u00dfer, Foodies und BBQ-Fans, die Lust auf neue Geschmackswelten haben.<\/p>\n<h4 class=\"\" data-start=\"658\" data-end=\"679\"><strong data-start=\"667\" data-end=\"679\">Das Men\u00fc<\/strong><\/h4>\n<ul>\n<li data-start=\"658\" data-end=\"679\"><strong data-start=\"682\" data-end=\"702\">Karte vom Duroc<\/strong> \u2013 mit P\u00fcree, Birne, Speck und Vanille<\/li>\n<li data-start=\"658\" data-end=\"679\"><strong data-start=\"730\" data-end=\"749\">Dry Aged Steak<\/strong> \u2013 mit S\u00fc\u00dfkartoffel, Ziegenk\u00e4se und Weintraube<\/li>\n<li data-start=\"658\" data-end=\"679\"><strong data-start=\"805\" data-end=\"824\">Smash Burger<\/strong>\u2013 mit Cheddar und Bacon Jam<\/li>\n<li data-start=\"658\" data-end=\"679\"><strong data-start=\"856\" data-end=\"874\">Frucht\u00a0<\/strong>&#8211; mit Schokolade und Marshmallow<\/li>\n<li data-start=\"658\" data-end=\"679\">inkl.<strong data-start=\"1213\" data-end=\"1242\"> Bier, Wein und Softdrinks<\/strong><\/li>\n<\/ul>\n<p>&nbsp;<\/p>\n<p><strong data-start=\"1087\" data-end=\"1096\">Dauer<\/strong><\/p>\n<p class=\"\" data-start=\"1099\" data-end=\"1162\">Ca. <strong data-start=\"1103\" data-end=\"1116\">5 Stunden<\/strong> \u2013 vollgepackt mit Genuss, Tipps &amp; BBQ-Knowhow<\/p>\n<p>&nbsp;<\/p>\n","protected":false},"excerpt":{"rendered":"<p>Erlebe ein au\u00dfergew\u00f6hnliches BBQ-Event, das die Aromen Koreas mit modernem Grillgenuss vereint. Unser Grillk\u00f6nig Grillkurs verbindet Kreativit\u00e4t, Qualit\u00e4t und Leidenschaft zu einem kulinarischen Erlebnis der Extraklasse. Gemeinsam zaubern wir ein spannendes Men\u00fc &#8211; perfekt f\u00fcr Genie\u00dfer, Foodies und BBQ-Fans, die Lust auf neue Geschmackswelten haben. Das Men\u00fc Karte vom Duroc \u2013 mit P\u00fcree, Birne, Speck [&hellip;]<\/p>\n","protected":false},"featured_media":813,"template":"","meta":[],"product_brand":[],"product_cat":[47],"product_tag":[],"class_list":{"0":"post-441","1":"product","2":"type-product","3":"status-publish","4":"has-post-thumbnail","6":"product_cat-grillkurse","8":"first","9":"instock","10":"taxable","11":"shipping-taxable","12":"purchasable","13":"product-type-variable"},"_links":{"self":[{"href":"https:\/\/www.roc-products.de\/outdoor-room\/wp-json\/wp\/v2\/product\/441","targetHints":{"allow":["GET"]}}],"collection":[{"href":"https:\/\/www.roc-products.de\/outdoor-room\/wp-json\/wp\/v2\/product"}],"about":[{"href":"https:\/\/www.roc-products.de\/outdoor-room\/wp-json\/wp\/v2\/types\/product"}],"wp:featuredmedia":[{"embeddable":true,"href":"https:\/\/www.roc-products.de\/outdoor-room\/wp-json\/wp\/v2\/media\/813"}],"wp:attachment":[{"href":"https:\/\/www.roc-products.de\/outdoor-room\/wp-json\/wp\/v2\/media?parent=441"}],"wp:term":[{"taxonomy":"product_brand","embeddable":true,"href":"https:\/\/www.roc-products.de\/outdoor-room\/wp-json\/wp\/v2\/product_brand?post=441"},{"taxonomy":"product_cat","embeddable":true,"href":"https:\/\/www.roc-products.de\/outdoor-room\/wp-json\/wp\/v2\/product_cat?post=441"},{"taxonomy":"product_tag","embeddable":true,"href":"https:\/\/www.roc-products.de\/outdoor-room\/wp-json\/wp\/v2\/product_tag?post=441"}],"curies":[{"name":"wp","href":"https:\/\/api.w.org\/{rel}","templated":true}]}}