{"id":451,"date":"2025-05-05T12:06:36","date_gmt":"2025-05-05T10:06:36","guid":{"rendered":"https:\/\/www.roc-products.de\/outdoor-room\/?post_type=product&#038;p=451"},"modified":"2025-12-12T09:05:08","modified_gmt":"2025-12-12T08:05:08","slug":"grillkurs-meister-am-grill","status":"publish","type":"product","link":"https:\/\/www.roc-products.de\/outdoor-room\/produkt\/grillkurs-meister-am-grill\/","title":{"rendered":"Meister am Grill"},"content":{"rendered":"<p>Du liebst kreative K\u00fcche, ausgefallene Kombinationen und ehrliche Grillleidenschaft? Dann ist unser Meister am Grill Grillkurs genau dein Ding! In entspannter Atmosph\u00e4re zaubern wir gemeinsam ein innovatives BBQ-Men\u00fc \u2013 urban, \u00fcberraschend und mit ganz viel Liebe zum Detail. Ideal f\u00fcr alle, die gutes Essen feiern und beim Grillen gern neue Wege gehen.<\/p>\n<h4 class=\"\" data-start=\"576\" data-end=\"597\"><strong data-start=\"585\" data-end=\"597\">Das Men\u00fc<\/strong><\/h4>\n<ul>\n<li data-start=\"576\" data-end=\"597\"><b>5 Minuten Flammenkuchen <\/b><\/li>\n<li data-start=\"576\" data-end=\"597\"><strong>Lachs<\/strong> &#8211; mit Gurke und Wasabi<\/li>\n<li data-start=\"576\" data-end=\"597\"><strong data-start=\"664\" data-end=\"683\">Dry Aged Steak<\/strong> \u2013 Kartoffelp\u00fcree 2.0<\/li>\n<li data-start=\"576\" data-end=\"597\"><strong data-start=\"737\" data-end=\"760\">Smash Burger<\/strong> \u2013 mit Cheddar und Bacon Jam<\/li>\n<li data-start=\"576\" data-end=\"597\"><strong data-start=\"794\" data-end=\"811\">Schokolade<\/strong> \u2013 mit Frucht und Marshmallow<\/li>\n<li data-start=\"576\" data-end=\"597\">inkl.<strong data-start=\"1182\" data-end=\"1211\"> Bier, Wein und Softdrinks<\/strong><\/li>\n<\/ul>\n<p>&nbsp;<\/p>\n<p><strong data-start=\"1058\" data-end=\"1067\">Dauer<\/strong><\/p>\n<p class=\"\" data-start=\"1070\" data-end=\"1131\">Ca. <strong data-start=\"1074\" data-end=\"1087\">4 Stunden<\/strong> \u2013 voller Inspiration, Geschmack &amp; BBQ-Vibes<\/p>\n<p class=\"\" data-start=\"1070\" data-end=\"1131\">\n","protected":false},"excerpt":{"rendered":"<p>Du liebst kreative K\u00fcche, ausgefallene Kombinationen und ehrliche Grillleidenschaft? Dann ist unser Meister am Grill Grillkurs genau dein Ding! In entspannter Atmosph\u00e4re zaubern wir gemeinsam ein innovatives BBQ-Men\u00fc \u2013 urban, \u00fcberraschend und mit ganz viel Liebe zum Detail. Ideal f\u00fcr alle, die gutes Essen feiern und beim Grillen gern neue Wege gehen. Das Men\u00fc 5 [&hellip;]<\/p>\n","protected":false},"featured_media":808,"template":"","meta":[],"product_brand":[],"product_cat":[47],"product_tag":[],"class_list":{"0":"post-451","1":"product","2":"type-product","3":"status-publish","4":"has-post-thumbnail","6":"product_cat-grillkurse","8":"first","9":"instock","10":"taxable","11":"shipping-taxable","12":"purchasable","13":"product-type-variable"},"_links":{"self":[{"href":"https:\/\/www.roc-products.de\/outdoor-room\/wp-json\/wp\/v2\/product\/451","targetHints":{"allow":["GET"]}}],"collection":[{"href":"https:\/\/www.roc-products.de\/outdoor-room\/wp-json\/wp\/v2\/product"}],"about":[{"href":"https:\/\/www.roc-products.de\/outdoor-room\/wp-json\/wp\/v2\/types\/product"}],"wp:featuredmedia":[{"embeddable":true,"href":"https:\/\/www.roc-products.de\/outdoor-room\/wp-json\/wp\/v2\/media\/808"}],"wp:attachment":[{"href":"https:\/\/www.roc-products.de\/outdoor-room\/wp-json\/wp\/v2\/media?parent=451"}],"wp:term":[{"taxonomy":"product_brand","embeddable":true,"href":"https:\/\/www.roc-products.de\/outdoor-room\/wp-json\/wp\/v2\/product_brand?post=451"},{"taxonomy":"product_cat","embeddable":true,"href":"https:\/\/www.roc-products.de\/outdoor-room\/wp-json\/wp\/v2\/product_cat?post=451"},{"taxonomy":"product_tag","embeddable":true,"href":"https:\/\/www.roc-products.de\/outdoor-room\/wp-json\/wp\/v2\/product_tag?post=451"}],"curies":[{"name":"wp","href":"https:\/\/api.w.org\/{rel}","templated":true}]}}